{"id":2733,"date":"2025-01-27T19:14:05","date_gmt":"2025-01-27T18:14:05","guid":{"rendered":"https:\/\/vttcanetloisirs.fr\/?page_id=2733"},"modified":"2026-03-07T18:23:32","modified_gmt":"2026-03-07T17:23:32","slug":"inscription-nouvel-adherent","status":"publish","type":"page","link":"https:\/\/vttcanetloisirs.fr\/index.php\/inscription-nouvel-adherent\/","title":{"rendered":"Inscription nouvel adh\u00e9rent"},"content":{"rendered":"\t\t<div data-elementor-type=\"wp-page\" data-elementor-id=\"2733\" class=\"elementor elementor-2733\" data-elementor-post-type=\"page\">\n\t\t\t\t<div class=\"elementor-element elementor-element-a3eeab9 e-flex e-con-boxed e-con e-parent\" data-id=\"a3eeab9\" data-element_type=\"container\" data-e-type=\"container\">\n\t\t\t\t\t<div class=\"e-con-inner\">\n\t\t\t\t<div class=\"elementor-element elementor-element-5ed2187 elementor-widget elementor-widget-heading\" data-id=\"5ed2187\" data-element_type=\"widget\" data-e-type=\"widget\" data-widget_type=\"heading.default\">\n\t\t\t\t\t<h2 class=\"elementor-heading-title elementor-size-default\"><br>Documents d'inscription<\/h2>\t\t\t\t<\/div>\n\t\t\t\t<div class=\"elementor-element elementor-element-5d04172 elementor-widget elementor-widget-text-editor\" data-id=\"5d04172\" data-element_type=\"widget\" data-e-type=\"widget\" data-widget_type=\"text-editor.default\">\n\t\t\t\t\t\t\t\t\t<p>Ci-dessous les documents n\u00e9cessaires \u00e0 l&rsquo;inscription d&rsquo;un nouvel adh\u00e9rent :<\/p>\t\t\t\t\t\t\t\t<\/div>\n\t\t\t\t\t<\/div>\n\t\t\t\t<\/div>\n\t\t<div class=\"elementor-element elementor-element-e9c0e2f e-grid e-con-full e-con e-parent\" data-id=\"e9c0e2f\" data-element_type=\"container\" data-e-type=\"container\">\n\t\t\t\t<div class=\"elementor-element elementor-element-c0c0920 e-transform elementor-align-center elementor-widget elementor-widget-button\" data-id=\"c0c0920\" data-element_type=\"widget\" data-e-type=\"widget\" data-settings=\"{&quot;_transform_scaleY_effect&quot;:{&quot;unit&quot;:&quot;px&quot;,&quot;size&quot;:1,&quot;sizes&quot;:[]},&quot;_transform_scaleX_effect&quot;:{&quot;unit&quot;:&quot;px&quot;,&quot;size&quot;:&quot;&quot;,&quot;sizes&quot;:[]},&quot;_transform_scaleX_effect_tablet&quot;:{&quot;unit&quot;:&quot;px&quot;,&quot;size&quot;:&quot;&quot;,&quot;sizes&quot;:[]},&quot;_transform_scaleX_effect_mobile&quot;:{&quot;unit&quot;:&quot;px&quot;,&quot;size&quot;:&quot;&quot;,&quot;sizes&quot;:[]},&quot;_transform_scaleY_effect_tablet&quot;:{&quot;unit&quot;:&quot;px&quot;,&quot;size&quot;:&quot;&quot;,&quot;sizes&quot;:[]},&quot;_transform_scaleY_effect_mobile&quot;:{&quot;unit&quot;:&quot;px&quot;,&quot;size&quot;:&quot;&quot;,&quot;sizes&quot;:[]}}\" data-widget_type=\"button.default\">\n\t\t\t\t\t\t\t\t\t\t<a class=\"elementor-button elementor-button-link elementor-size-sm\" href=\"https:\/\/vttcanetloisirs.fr\/wp-content\/uploads\/2026\/03\/FORMULAIRE-DINSCRIPTION-vtt-canet_Version2026_modif-SIRET_V4.pdf\" target=\"_blank\">\n\t\t\t\t\t\t<span class=\"elementor-button-content-wrapper\">\n\t\t\t\t\t\t\t\t\t<span class=\"elementor-button-text\">1. Formulaire d'inscription<\/span>\n\t\t\t\t\t<\/span>\n\t\t\t\t\t<\/a>\n\t\t\t\t\t\t\t\t<\/div>\n\t\t\t\t<div class=\"elementor-element elementor-element-4e930d2 elementor-align-center elementor-widget elementor-widget-button\" data-id=\"4e930d2\" data-element_type=\"widget\" data-e-type=\"widget\" data-widget_type=\"button.default\">\n\t\t\t\t\t\t\t\t\t\t<a class=\"elementor-button elementor-button-link elementor-size-sm\" href=\"https:\/\/vttcanetloisirs.fr\/wp-content\/uploads\/2026\/03\/FICHE-DE-RENSEIGNEMENTS-vtt-canet_Version-2026_modif-SIRET.pdf\" target=\"_blank\">\n\t\t\t\t\t\t<span class=\"elementor-button-content-wrapper\">\n\t\t\t\t\t\t\t\t\t<span class=\"elementor-button-text\">2. Fiche de renseignement<\/span>\n\t\t\t\t\t<\/span>\n\t\t\t\t\t<\/a>\n\t\t\t\t\t\t\t\t<\/div>\n\t\t\t\t<div class=\"elementor-element elementor-element-90b0bb4 elementor-align-center elementor-widget elementor-widget-button\" data-id=\"90b0bb4\" data-element_type=\"widget\" data-e-type=\"widget\" data-widget_type=\"button.default\">\n\t\t\t\t\t\t\t\t\t\t<a class=\"elementor-button elementor-button-link elementor-size-sm\" href=\"https:\/\/vttcanetloisirs.fr\/wp-content\/uploads\/2026\/03\/Reglement-interieur_version2026_modif-SIRET_V2.pdf\" target=\"_blank\">\n\t\t\t\t\t\t<span class=\"elementor-button-content-wrapper\">\n\t\t\t\t\t\t\t\t\t<span class=\"elementor-button-text\">3. R\u00e8glement int\u00e9rieur<\/span>\n\t\t\t\t\t<\/span>\n\t\t\t\t\t<\/a>\n\t\t\t\t\t\t\t\t<\/div>\n\t\t\t\t<\/div>\n\t\t\t\t<\/div>\n\t\t","protected":false},"excerpt":{"rendered":"<p>Documents d&rsquo;inscription Ci-dessous les documents n\u00e9cessaires \u00e0 l&rsquo;inscription d&rsquo;un nouvel adh\u00e9rent : 1. Formulaire d&rsquo;inscription 2. Fiche de renseignement 3. R\u00e8glement int\u00e9rieur<\/p>\n","protected":false},"author":6,"featured_media":0,"parent":0,"menu_order":0,"comment_status":"closed","ping_status":"closed","template":"templates\/custom-full-width.php","meta":{"footnotes":""},"class_list":["post-2733","page","type-page","status-publish","hentry"],"yoast_head":"<!-- This site is optimized with the Yoast SEO plugin v26.8 - https:\/\/yoast.com\/product\/yoast-seo-wordpress\/ -->\n<title>Inscription nouvel adh\u00e9rent - VTT CANET LOISIRS<\/title>\n<meta name=\"robots\" content=\"index, follow, max-snippet:-1, max-image-preview:large, max-video-preview:-1\" \/>\n<link rel=\"canonical\" href=\"https:\/\/vttcanetloisirs.fr\/index.php\/inscription-nouvel-adherent\/\" \/>\n<meta property=\"og:locale\" content=\"fr_FR\" \/>\n<meta property=\"og:type\" content=\"article\" \/>\n<meta property=\"og:title\" content=\"Inscription nouvel adh\u00e9rent - VTT CANET LOISIRS\" \/>\n<meta property=\"og:description\" content=\"Documents d&rsquo;inscription Ci-dessous les documents n\u00e9cessaires \u00e0 l&rsquo;inscription d&rsquo;un nouvel adh\u00e9rent : 1. Formulaire d&rsquo;inscription 2. Fiche de renseignement 3. R\u00e8glement int\u00e9rieur\" \/>\n<meta property=\"og:url\" content=\"https:\/\/vttcanetloisirs.fr\/index.php\/inscription-nouvel-adherent\/\" \/>\n<meta property=\"og:site_name\" content=\"VTT CANET LOISIRS\" \/>\n<meta property=\"article:modified_time\" content=\"2026-03-07T17:23:32+00:00\" \/>\n<meta name=\"twitter:card\" content=\"summary_large_image\" \/>\n<meta name=\"twitter:label1\" content=\"Dur\u00e9e de lecture estim\u00e9e\" \/>\n\t<meta name=\"twitter:data1\" content=\"1 minute\" \/>\n<script type=\"application\/ld+json\" class=\"yoast-schema-graph\">{\"@context\":\"https:\/\/schema.org\",\"@graph\":[{\"@type\":\"WebPage\",\"@id\":\"https:\/\/vttcanetloisirs.fr\/index.php\/inscription-nouvel-adherent\/\",\"url\":\"https:\/\/vttcanetloisirs.fr\/index.php\/inscription-nouvel-adherent\/\",\"name\":\"Inscription nouvel adh\u00e9rent - VTT CANET LOISIRS\",\"isPartOf\":{\"@id\":\"https:\/\/vttcanetloisirs.fr\/#website\"},\"datePublished\":\"2025-01-27T18:14:05+00:00\",\"dateModified\":\"2026-03-07T17:23:32+00:00\",\"breadcrumb\":{\"@id\":\"https:\/\/vttcanetloisirs.fr\/index.php\/inscription-nouvel-adherent\/#breadcrumb\"},\"inLanguage\":\"fr-FR\",\"potentialAction\":[{\"@type\":\"ReadAction\",\"target\":[\"https:\/\/vttcanetloisirs.fr\/index.php\/inscription-nouvel-adherent\/\"]}]},{\"@type\":\"BreadcrumbList\",\"@id\":\"https:\/\/vttcanetloisirs.fr\/index.php\/inscription-nouvel-adherent\/#breadcrumb\",\"itemListElement\":[{\"@type\":\"ListItem\",\"position\":1,\"name\":\"Accueil\",\"item\":\"https:\/\/vttcanetloisirs.fr\/\"},{\"@type\":\"ListItem\",\"position\":2,\"name\":\"Inscription nouvel adh\u00e9rent\"}]},{\"@type\":\"WebSite\",\"@id\":\"https:\/\/vttcanetloisirs.fr\/#website\",\"url\":\"https:\/\/vttcanetloisirs.fr\/\",\"name\":\"VTT CANET LOISIRS\",\"description\":\"SALAGOU SPORTS LOISIRS\",\"publisher\":{\"@id\":\"https:\/\/vttcanetloisirs.fr\/#organization\"},\"potentialAction\":[{\"@type\":\"SearchAction\",\"target\":{\"@type\":\"EntryPoint\",\"urlTemplate\":\"https:\/\/vttcanetloisirs.fr\/?s={search_term_string}\"},\"query-input\":{\"@type\":\"PropertyValueSpecification\",\"valueRequired\":true,\"valueName\":\"search_term_string\"}}],\"inLanguage\":\"fr-FR\"},{\"@type\":\"Organization\",\"@id\":\"https:\/\/vttcanetloisirs.fr\/#organization\",\"name\":\"VTT CANET LOISIRS\",\"url\":\"https:\/\/vttcanetloisirs.fr\/\",\"logo\":{\"@type\":\"ImageObject\",\"inLanguage\":\"fr-FR\",\"@id\":\"https:\/\/vttcanetloisirs.fr\/#\/schema\/logo\/image\/\",\"url\":\"https:\/\/vttcanetloisirs.fr\/wp-content\/uploads\/2024\/08\/cropped-Logo_SSL-1.png\",\"contentUrl\":\"https:\/\/vttcanetloisirs.fr\/wp-content\/uploads\/2024\/08\/cropped-Logo_SSL-1.png\",\"width\":450,\"height\":450,\"caption\":\"VTT CANET LOISIRS\"},\"image\":{\"@id\":\"https:\/\/vttcanetloisirs.fr\/#\/schema\/logo\/image\/\"}}]}<\/script>\n<!-- \/ Yoast SEO plugin. -->","yoast_head_json":{"title":"Inscription nouvel adh\u00e9rent - VTT CANET LOISIRS","robots":{"index":"index","follow":"follow","max-snippet":"max-snippet:-1","max-image-preview":"max-image-preview:large","max-video-preview":"max-video-preview:-1"},"canonical":"https:\/\/vttcanetloisirs.fr\/index.php\/inscription-nouvel-adherent\/","og_locale":"fr_FR","og_type":"article","og_title":"Inscription nouvel adh\u00e9rent - VTT CANET LOISIRS","og_description":"Documents d&rsquo;inscription Ci-dessous les documents n\u00e9cessaires \u00e0 l&rsquo;inscription d&rsquo;un nouvel adh\u00e9rent : 1. Formulaire d&rsquo;inscription 2. Fiche de renseignement 3. R\u00e8glement int\u00e9rieur","og_url":"https:\/\/vttcanetloisirs.fr\/index.php\/inscription-nouvel-adherent\/","og_site_name":"VTT CANET LOISIRS","article_modified_time":"2026-03-07T17:23:32+00:00","twitter_card":"summary_large_image","twitter_misc":{"Dur\u00e9e de lecture estim\u00e9e":"1 minute"},"schema":{"@context":"https:\/\/schema.org","@graph":[{"@type":"WebPage","@id":"https:\/\/vttcanetloisirs.fr\/index.php\/inscription-nouvel-adherent\/","url":"https:\/\/vttcanetloisirs.fr\/index.php\/inscription-nouvel-adherent\/","name":"Inscription nouvel adh\u00e9rent - VTT CANET LOISIRS","isPartOf":{"@id":"https:\/\/vttcanetloisirs.fr\/#website"},"datePublished":"2025-01-27T18:14:05+00:00","dateModified":"2026-03-07T17:23:32+00:00","breadcrumb":{"@id":"https:\/\/vttcanetloisirs.fr\/index.php\/inscription-nouvel-adherent\/#breadcrumb"},"inLanguage":"fr-FR","potentialAction":[{"@type":"ReadAction","target":["https:\/\/vttcanetloisirs.fr\/index.php\/inscription-nouvel-adherent\/"]}]},{"@type":"BreadcrumbList","@id":"https:\/\/vttcanetloisirs.fr\/index.php\/inscription-nouvel-adherent\/#breadcrumb","itemListElement":[{"@type":"ListItem","position":1,"name":"Accueil","item":"https:\/\/vttcanetloisirs.fr\/"},{"@type":"ListItem","position":2,"name":"Inscription nouvel adh\u00e9rent"}]},{"@type":"WebSite","@id":"https:\/\/vttcanetloisirs.fr\/#website","url":"https:\/\/vttcanetloisirs.fr\/","name":"VTT CANET LOISIRS","description":"SALAGOU SPORTS LOISIRS","publisher":{"@id":"https:\/\/vttcanetloisirs.fr\/#organization"},"potentialAction":[{"@type":"SearchAction","target":{"@type":"EntryPoint","urlTemplate":"https:\/\/vttcanetloisirs.fr\/?s={search_term_string}"},"query-input":{"@type":"PropertyValueSpecification","valueRequired":true,"valueName":"search_term_string"}}],"inLanguage":"fr-FR"},{"@type":"Organization","@id":"https:\/\/vttcanetloisirs.fr\/#organization","name":"VTT CANET LOISIRS","url":"https:\/\/vttcanetloisirs.fr\/","logo":{"@type":"ImageObject","inLanguage":"fr-FR","@id":"https:\/\/vttcanetloisirs.fr\/#\/schema\/logo\/image\/","url":"https:\/\/vttcanetloisirs.fr\/wp-content\/uploads\/2024\/08\/cropped-Logo_SSL-1.png","contentUrl":"https:\/\/vttcanetloisirs.fr\/wp-content\/uploads\/2024\/08\/cropped-Logo_SSL-1.png","width":450,"height":450,"caption":"VTT CANET LOISIRS"},"image":{"@id":"https:\/\/vttcanetloisirs.fr\/#\/schema\/logo\/image\/"}}]}},"_links":{"self":[{"href":"https:\/\/vttcanetloisirs.fr\/index.php\/wp-json\/wp\/v2\/pages\/2733","targetHints":{"allow":["GET"]}}],"collection":[{"href":"https:\/\/vttcanetloisirs.fr\/index.php\/wp-json\/wp\/v2\/pages"}],"about":[{"href":"https:\/\/vttcanetloisirs.fr\/index.php\/wp-json\/wp\/v2\/types\/page"}],"author":[{"embeddable":true,"href":"https:\/\/vttcanetloisirs.fr\/index.php\/wp-json\/wp\/v2\/users\/6"}],"replies":[{"embeddable":true,"href":"https:\/\/vttcanetloisirs.fr\/index.php\/wp-json\/wp\/v2\/comments?post=2733"}],"version-history":[{"count":61,"href":"https:\/\/vttcanetloisirs.fr\/index.php\/wp-json\/wp\/v2\/pages\/2733\/revisions"}],"predecessor-version":[{"id":3359,"href":"https:\/\/vttcanetloisirs.fr\/index.php\/wp-json\/wp\/v2\/pages\/2733\/revisions\/3359"}],"wp:attachment":[{"href":"https:\/\/vttcanetloisirs.fr\/index.php\/wp-json\/wp\/v2\/media?parent=2733"}],"curies":[{"name":"wp","href":"https:\/\/api.w.org\/{rel}","templated":true}]}}