{"id":2984,"date":"2025-05-30T18:41:10","date_gmt":"2025-05-30T16:41:10","guid":{"rendered":"https:\/\/vttcanetloisirs.fr\/?page_id=2984"},"modified":"2026-03-13T11:13:37","modified_gmt":"2026-03-13T10:13:37","slug":"nos-traces-gpx-2","status":"publish","type":"page","link":"https:\/\/vttcanetloisirs.fr\/index.php\/nos-traces-gpx-2\/","title":{"rendered":"Traces GPX Ruffes 2026"},"content":{"rendered":"\t\t<div data-elementor-type=\"wp-page\" data-elementor-id=\"2984\" class=\"elementor elementor-2984\" data-elementor-post-type=\"page\">\n\t\t\t\t<div class=\"elementor-element elementor-element-b8274e5 e-flex e-con-boxed e-con e-parent\" data-id=\"b8274e5\" data-element_type=\"container\" data-e-type=\"container\">\n\t\t\t\t\t<div class=\"e-con-inner\">\n\t\t\t\t\t<\/div>\n\t\t\t\t<\/div>\n\t\t<div class=\"elementor-element elementor-element-4f97fab e-flex e-con-boxed e-con e-parent\" data-id=\"4f97fab\" data-element_type=\"container\" data-e-type=\"container\">\n\t\t\t\t\t<div class=\"e-con-inner\">\n\t\t\t\t<div class=\"elementor-element elementor-element-ff60f58 elementor-widget elementor-widget-shortcode\" data-id=\"ff60f58\" data-element_type=\"widget\" data-e-type=\"widget\" data-widget_type=\"shortcode.default\">\n\t\t\t\t\t\t\t<div class=\"elementor-shortcode\">\t\t\t\n\t\t\t<div class=\"gpxv-params\">\n\t\t\t<form action=\"\" method=\"post\">\n\t\t\t\t<input type=\"hidden\" id=\"_wpnonce\" name=\"_wpnonce\" value=\"0bac6cab0f\" \/><input type=\"hidden\" name=\"_wp_http_referer\" value=\"\/index.php\/wp-json\/wp\/v2\/pages\/2984\" \/>\t\t\t\t<div class=\"gpxv-option\">\n\t\t\t\t\t<label>Couleur de la trace: <\/label>\n\t\t\t\t\t<input\n\t\t\t\t\t\ttype=\"color\"\n\t\t\t\t\t\tname=\"track-color\"\n\t\t\t\t\t\tvalue=\"#00ff00\" \/>\n\n\t\t\t\t\t<label>Largeur de la trace: <\/label>\n\t\t\t\t\t<select\n\t\t\t\t\t\tname=\"track-width\"\n\t\t\t\t\t\tvalue=\"5\">\n\t\t\t\t\t\t\t\t\t\t\t\t\t<option  >2<\/option>\n\t\t\t\t\t\t\t\t\t\t\t\t\t<option  >3<\/option>\n\t\t\t\t\t\t\t\t\t\t\t\t\t<option  >4<\/option>\n\t\t\t\t\t\t\t\t\t\t\t\t\t<option selected=&quot;selected&quot; >5<\/option>\n\t\t\t\t\t\t\t\t\t\t\t\t\t<option  >6<\/option>\n\t\t\t\t\t\t\t\t\t\t\t\t\t<option  >7<\/option>\n\t\t\t\t\t\t\t\t\t\t\t\t\t<option  >8<\/option>\n\t\t\t\t\t\t\t\t\t\t\t\t\t<option  >9<\/option>\n\t\t\t\t\t\t\t\t\t\t\t\t\t<option  >10<\/option>\n\t\t\t\t\t\t\t\t\t\t\t<\/select>\n\t\t\t\t<\/div>\n\n\t\t\t\t<div id=\"gpxv-list\" class=\"gpxv-head\">\n\t\t\t\t\t<p>Trace GPX<\/p>\n\t\t\t\t\t<div><input type='search' list=\"names\" placeholder=\"Search term\" autocomplete=\"off\" name=\"gpx-file\" value='' onchange=\"submit()\"\/><\/div>\n\t\t\t\t\t<div class=\"dashicons dashicons-search\"><\/div>\n\t\t\t\t\t<datalist id=\"names\" size=\"16\">\n\t\t\t\t\t\t\t\t\t\t\t\t<option value=\"LRS 2026 11Km 110D+\" >\n\t\t\t\t\t\t\t\t\t\t\t\t<option value=\"LRS 2026 boucle 9-80 43 Km 1085D+\" >\n\t\t\t\t\t\t\t\t\t\t\t\t<option value=\"LRS 2026 tour du lac difficile 27 km 400D+\" >\n\t\t\t\t\t\t\t\t\t\t\t\t<option value=\"LRS 2026 tour du lac facile 27 Km 263D+\" >\n\t\t\t\t\t\t\t\t\t\t\t<\/datalist> \n\t\t\t\t\t\t\t\t\t\t<a id=\"delta1\" href=\"#gpxfile-3\"><\/a>\n\t\t\t\t\t<a id=\"delta2\" href=\"#gpxv-list\"><\/a>\n\t\t\t\t<\/div> \t\t\t\t\n\t\t\t\t\t\t\t\t<div class=\"gpxv-list\">\n\t\t\t\t\t<table class=\"gpxv-select\">\n\t\t\t\t\t\t<tbody>\n\t\t\t\t\t\t\t\t\t\t\t\t\t\t<tr class=\"gpx-file\">\n\t\t\t\t\t\t\t\t<td id=\"gpxfile1\"  >\n\t\t\t\t\t\t\t\t\t<button type=\"submit\" name=\"gpx-nr\" value=\"1\">LRS 2026 11Km 110D+<\/button>\n\t\t\t\t\t\t\t\t<\/td>\n\t\t\t\t\t\t\t\t<td align=\"right\">10.7 km<\/td>\n\t\t\t\t\t\t\t\t<td align=\"right\">175 Hm<\/td>\n\t\t\t\t\t\t\t<\/tr>\n\t\t\t\t\t\t\t\t\t\t\t\t\t\t<tr class=\"gpx-file\">\n\t\t\t\t\t\t\t\t<td id=\"gpxfile2\"  >\n\t\t\t\t\t\t\t\t\t<button type=\"submit\" name=\"gpx-nr\" value=\"2\">LRS 2026 boucle 9-80 43 Km 1085D+<\/button>\n\t\t\t\t\t\t\t\t<\/td>\n\t\t\t\t\t\t\t\t<td align=\"right\">42 km<\/td>\n\t\t\t\t\t\t\t\t<td align=\"right\">1323 Hm<\/td>\n\t\t\t\t\t\t\t<\/tr>\n\t\t\t\t\t\t\t\t\t\t\t\t\t\t<tr class=\"gpx-file\">\n\t\t\t\t\t\t\t\t<td id=\"gpxfile3\"  >\n\t\t\t\t\t\t\t\t\t<button type=\"submit\" name=\"gpx-nr\" value=\"3\">LRS 2026 tour du lac difficile 27 km 400D+<\/button>\n\t\t\t\t\t\t\t\t<\/td>\n\t\t\t\t\t\t\t\t<td align=\"right\">26 km<\/td>\n\t\t\t\t\t\t\t\t<td align=\"right\">631 Hm<\/td>\n\t\t\t\t\t\t\t<\/tr>\n\t\t\t\t\t\t\t\t\t\t\t\t\t\t<tr class=\"gpx-file\">\n\t\t\t\t\t\t\t\t<td id=\"gpxfile4\"  >\n\t\t\t\t\t\t\t\t\t<button type=\"submit\" name=\"gpx-nr\" value=\"4\">LRS 2026 tour du lac facile 27 Km 263D+<\/button>\n\t\t\t\t\t\t\t\t<\/td>\n\t\t\t\t\t\t\t\t<td align=\"right\">27 km<\/td>\n\t\t\t\t\t\t\t\t<td align=\"right\">472 Hm<\/td>\n\t\t\t\t\t\t\t<\/tr>\n\t\t\t\t\t\t\t\t\t\t\t\t\t<\/tbody>\n\t\t\t\t\t<\/table>\n\t\t\t\t<\/div>\n\n\t\t\t<\/form>\t\n\t\t\t<\/div>\n\t\t\t\t\t<div class=\"gpxv-view\">\n\t\t\t<div id=\"map-container\" class=\" small-viewport\">\n\n\t<!-- Hook for the Leaflet Map -->\n\t<div id=\"leaflet-map\"><\/div>\n\n\t\n\t\n\t<div id=\"track\" class=\"track-info\" hidden >\n\t\t<h3>\n\t\t\t<span id=\"gpx-title\">AUCUN GPX&nbsp;<\/span>\n\t\t\t\t\t\t<a  href=\"\"  download=\"\" class=\"gpx-file\"  >\n\t\t\t\t<span class=\"dashicons dashicons-download\"><\/span>GPX\n\t\t\t<\/a>\n\t\t\t\t\t<\/h3>\n\t\t<div class=\"content\" >\n\t\t\t<svg class=\"elevation-profile\"  viewBox=\"0 0 290 230\" >\n\t\t\t\t<defs>\n\t\t\t\t\t<marker id=\"t\" markerWidth=\"4\" markerHeight=\"4\" orient=\"auto\" refY=\"2\" refX=\"3\">\n\t\t\t\t\t<path d=\"M0,0 L4,2 0,4\" fill=\"#000\"><\/path>\n\t\t\t\t\t<\/marker>\n\t\t\t\t<\/defs>\n\t\t\t\t<g transform=\"translate(50,10)\">\n\t\t\t\t<!-- horizontal -->\n\t\t\t\t<!-- y = 50 (180-50)-->\n\t\t\t\t<line class=\"line\" x1=\"-5\" y1=\"160\" x2=\"220\" y2=\"160\"><\/line>\n\t\t\t\t<text class=\"h1 line\" x=\"-5\" y=\"160\" text-anchor=\"end\">50<\/text>\n\t\t\t\t<line class=\"line\" x1=\"-5\" y1=\"120\" x2=\"220\" y2=\"120\"><\/line>\n\t\t\t\t<text class=\"h2 line\" x=\"-5\" y=\"120\" text-anchor=\"end\">100<\/text>\n\t\t\t\t<line class=\"line\" x1=\"-5\" y1=\"80\" x2=\"220\" y2=\"80\"><\/line>\n\t\t\t\t<text class=\"h3 line\" x=\"-5\" y=\"80\" text-anchor=\"end\">150<\/text>\n\t\t\t\t<line class=\"line\" x1=\"-5\" y1=\"40\" x2=\"220\" y2=\"40\"><\/line>\n\t\t\t\t<text class=\"h4 line\" x=\"-5\" y=\"40\" text-anchor=\"end\">200<\/text>\n\t\t\t\t<!-- Vertical -->\n\t\t\t\t<g class=\"v1\" transform=\"translate(60,0)\">\n\t\t\t\t\t<line class=\"line\" x1=\"0\" y1=\"0\" x2=\"0\" y2=\"185\"><\/line>\n\t\t\t\t\t<text  class=\"line\" x=\"0\" y=\"193\" text-anchor=\"middle\">5<\/text>\n\t\t\t\t<\/g>\n\t\t\t\t<g class=\"v2\" transform=\"translate(120,0)\">\n\t\t\t\t\t<line class=\"line\" x1=\"0\" y1=\"0\" x2=\"0\" y2=\"185\"><\/line>\n\t\t\t\t\t<text  class=\"line\" x=\"0\" y=\"193\" text-anchor=\"middle\">10<\/text>\n\t\t\t\t<\/g>\n\t\t\t\t<g class=\"v3\" transform=\"translate(180,0)\">\n\t\t\t\t\t<line class=\"line\" x1=\"0\" y1=\"0\" x2=\"0\" y2=\"185\"><\/line>\n\t\t\t\t\t<text id=\"v3\" class=\"line\" x=\"0\" y=\"193\" text-anchor=\"middle\">15<\/text>\n\t\t\t\t<\/g>\n\t\t\t\t<!-- cadre  -->\n\t\t\t\t<rect x=\"0\" y=\"0\" width=\"220\" height=\"180\" ><\/rect>\n\t\t\t\t<!-- horizontal axis x -->\n\t\t\t\t<line class=\"axis\" x1=\"0\" y1=\"180\" x2=\"210\" y2=\"180\"  marker-end=\"url(#t)\"><\/line>\n\t\t\t\t<text x=\"110\" y=\"210\" text-anchor=\"middle\">Distance (km)<\/text>\n\t\t\t\t<!-- vertical axis y -->\n\t\t\t\t<line class=\"axis\" x1=\"0\" y1=\"180\" x2=\"0\" y2=\"10\" marker-end=\"url(#t)\"><\/line>\n\t\t\t\t<text x=\"0\" y=\"0\" transform=\"rotate(-90) translate(-100, -40)\" text-anchor=\"middle\"> (m)<\/text>\n\t\t\t\t<path class=\"profile-line\" d=\"\"><\/path>\n\t\t\t\n\t\t\t\t<line class=\"move-line\" x1=\"0\" y1=\"185\" x2=\"0\" y2=\"-5\"><\/line>\n\t\t\t\t<\/g>\n\t\t\t<\/svg>\n\t\t\t<div class=\"gpx-no-data\">Aucune donn\u00e9e d\u2019altitude<\/div>\n\t\t\t<table class=\"properties\">\n\t\t\t\t<tr>\n\t\t\t\t\t<td >Nom: <\/td>\n\t\t\t\t\t<td class=\"gpx-name\"><em>Aucune donn\u00e9e<\/em><\/td>\n\t\t\t\t<\/tr>\n\t\t\t\t<tr>\n\t\t\t\t\t<td>Distance: <\/td>\n\t\t\t\t\t<td class=\"gpx-distance\"><em>Aucune donn\u00e9e<\/em><\/td>\n\t\t\t\t<\/tr>\n\t\t\t\t<tr>\n\t\t\t\t\t<td>Altitude min.: <\/td>\n\t\t\t\t\t<td  class=\"gpx-min-elevation\" ><em>Aucune donn\u00e9e<\/em><\/td>\n\t\t\t\t<\/tr>\n\t\t\t\t<tr>\n\t\t\t\t\t<td>Altitude max.: <\/td>\n\t\t\t\t\t<td  class=\"gpx-max-elevation\" ><em>Aucune donn\u00e9e<\/em><\/td>\n\t\t\t\t<\/tr>\n\t\t\t\t<tr>\n\t\t\t\t\t<td>D\u00e9nivel\u00e9 positif: <\/td>\n\t\t\t\t\t<td  class=\"gpx-elevation-gain\" ><em>Aucune donn\u00e9e<\/em><\/td>\n\t\t\t\t<\/tr>\n\t\t\t\t<tr >\n\t\t\t\t\t<td>D\u00e9nivel\u00e9 n\u00e9gatif: <\/td>\n\t\t\t\t\t<td class=\"gpx-elevation-loss\" ><em>Aucune donn\u00e9e<\/em><\/td>\n\t\t\t\t<\/tr>\n\t\t\t\t<tr>\n\t\t\t\t\t<td>Dur\u00e9e: <\/td>\n\t\t\t\t\t<td class=\"gpx-duration\" ><em>Aucune donn\u00e9e<\/em><\/td>\n\t\t\t\t<\/tr>\n\t\t\t<\/table>\n\t\t<\/div>\n\t<\/div>\n<\/div>\n\n\t\t<\/div>\n\t\t\t<\/div>\n\t\t\t\t\t\t<\/div>\n\t\t\t\t\t<\/div>\n\t\t\t\t<\/div>\n\t\t\t\t<\/div>\n\t\t","protected":false},"excerpt":{"rendered":"","protected":false},"author":6,"featured_media":0,"parent":0,"menu_order":0,"comment_status":"closed","ping_status":"closed","template":"templates\/custom-full-width.php","meta":{"footnotes":""},"class_list":["post-2984","page","type-page","status-publish","hentry"],"yoast_head":"<!-- This site is optimized with the Yoast SEO plugin v26.8 - https:\/\/yoast.com\/product\/yoast-seo-wordpress\/ -->\n<title>Traces GPX Ruffes 2026 - VTT CANET LOISIRS<\/title>\n<meta name=\"robots\" content=\"index, follow, max-snippet:-1, max-image-preview:large, max-video-preview:-1\" \/>\n<link rel=\"canonical\" href=\"https:\/\/vttcanetloisirs.fr\/index.php\/nos-traces-gpx-2\/\" \/>\n<meta property=\"og:locale\" content=\"fr_FR\" \/>\n<meta property=\"og:type\" content=\"article\" \/>\n<meta property=\"og:title\" content=\"Traces GPX Ruffes 2026 - VTT CANET LOISIRS\" \/>\n<meta property=\"og:url\" content=\"https:\/\/vttcanetloisirs.fr\/index.php\/nos-traces-gpx-2\/\" \/>\n<meta property=\"og:site_name\" content=\"VTT CANET LOISIRS\" \/>\n<meta property=\"article:modified_time\" content=\"2026-03-13T10:13:37+00:00\" \/>\n<meta name=\"twitter:card\" content=\"summary_large_image\" \/>\n<meta name=\"twitter:label1\" content=\"Dur\u00e9e de lecture estim\u00e9e\" \/>\n\t<meta name=\"twitter:data1\" content=\"1 minute\" \/>\n<script type=\"application\/ld+json\" class=\"yoast-schema-graph\">{\"@context\":\"https:\/\/schema.org\",\"@graph\":[{\"@type\":\"WebPage\",\"@id\":\"https:\/\/vttcanetloisirs.fr\/index.php\/nos-traces-gpx-2\/\",\"url\":\"https:\/\/vttcanetloisirs.fr\/index.php\/nos-traces-gpx-2\/\",\"name\":\"Traces GPX Ruffes 2026 - VTT CANET LOISIRS\",\"isPartOf\":{\"@id\":\"https:\/\/vttcanetloisirs.fr\/#website\"},\"datePublished\":\"2025-05-30T16:41:10+00:00\",\"dateModified\":\"2026-03-13T10:13:37+00:00\",\"breadcrumb\":{\"@id\":\"https:\/\/vttcanetloisirs.fr\/index.php\/nos-traces-gpx-2\/#breadcrumb\"},\"inLanguage\":\"fr-FR\",\"potentialAction\":[{\"@type\":\"ReadAction\",\"target\":[\"https:\/\/vttcanetloisirs.fr\/index.php\/nos-traces-gpx-2\/\"]}]},{\"@type\":\"BreadcrumbList\",\"@id\":\"https:\/\/vttcanetloisirs.fr\/index.php\/nos-traces-gpx-2\/#breadcrumb\",\"itemListElement\":[{\"@type\":\"ListItem\",\"position\":1,\"name\":\"Accueil\",\"item\":\"https:\/\/vttcanetloisirs.fr\/\"},{\"@type\":\"ListItem\",\"position\":2,\"name\":\"Traces GPX Ruffes 2026\"}]},{\"@type\":\"WebSite\",\"@id\":\"https:\/\/vttcanetloisirs.fr\/#website\",\"url\":\"https:\/\/vttcanetloisirs.fr\/\",\"name\":\"VTT CANET LOISIRS\",\"description\":\"SALAGOU SPORTS LOISIRS\",\"publisher\":{\"@id\":\"https:\/\/vttcanetloisirs.fr\/#organization\"},\"potentialAction\":[{\"@type\":\"SearchAction\",\"target\":{\"@type\":\"EntryPoint\",\"urlTemplate\":\"https:\/\/vttcanetloisirs.fr\/?s={search_term_string}\"},\"query-input\":{\"@type\":\"PropertyValueSpecification\",\"valueRequired\":true,\"valueName\":\"search_term_string\"}}],\"inLanguage\":\"fr-FR\"},{\"@type\":\"Organization\",\"@id\":\"https:\/\/vttcanetloisirs.fr\/#organization\",\"name\":\"VTT CANET LOISIRS\",\"url\":\"https:\/\/vttcanetloisirs.fr\/\",\"logo\":{\"@type\":\"ImageObject\",\"inLanguage\":\"fr-FR\",\"@id\":\"https:\/\/vttcanetloisirs.fr\/#\/schema\/logo\/image\/\",\"url\":\"https:\/\/vttcanetloisirs.fr\/wp-content\/uploads\/2024\/08\/cropped-Logo_SSL-1.png\",\"contentUrl\":\"https:\/\/vttcanetloisirs.fr\/wp-content\/uploads\/2024\/08\/cropped-Logo_SSL-1.png\",\"width\":450,\"height\":450,\"caption\":\"VTT CANET LOISIRS\"},\"image\":{\"@id\":\"https:\/\/vttcanetloisirs.fr\/#\/schema\/logo\/image\/\"}}]}<\/script>\n<!-- \/ Yoast SEO plugin. -->","yoast_head_json":{"title":"Traces GPX Ruffes 2026 - VTT CANET LOISIRS","robots":{"index":"index","follow":"follow","max-snippet":"max-snippet:-1","max-image-preview":"max-image-preview:large","max-video-preview":"max-video-preview:-1"},"canonical":"https:\/\/vttcanetloisirs.fr\/index.php\/nos-traces-gpx-2\/","og_locale":"fr_FR","og_type":"article","og_title":"Traces GPX Ruffes 2026 - VTT CANET LOISIRS","og_url":"https:\/\/vttcanetloisirs.fr\/index.php\/nos-traces-gpx-2\/","og_site_name":"VTT CANET LOISIRS","article_modified_time":"2026-03-13T10:13:37+00:00","twitter_card":"summary_large_image","twitter_misc":{"Dur\u00e9e de lecture estim\u00e9e":"1 minute"},"schema":{"@context":"https:\/\/schema.org","@graph":[{"@type":"WebPage","@id":"https:\/\/vttcanetloisirs.fr\/index.php\/nos-traces-gpx-2\/","url":"https:\/\/vttcanetloisirs.fr\/index.php\/nos-traces-gpx-2\/","name":"Traces GPX Ruffes 2026 - VTT CANET LOISIRS","isPartOf":{"@id":"https:\/\/vttcanetloisirs.fr\/#website"},"datePublished":"2025-05-30T16:41:10+00:00","dateModified":"2026-03-13T10:13:37+00:00","breadcrumb":{"@id":"https:\/\/vttcanetloisirs.fr\/index.php\/nos-traces-gpx-2\/#breadcrumb"},"inLanguage":"fr-FR","potentialAction":[{"@type":"ReadAction","target":["https:\/\/vttcanetloisirs.fr\/index.php\/nos-traces-gpx-2\/"]}]},{"@type":"BreadcrumbList","@id":"https:\/\/vttcanetloisirs.fr\/index.php\/nos-traces-gpx-2\/#breadcrumb","itemListElement":[{"@type":"ListItem","position":1,"name":"Accueil","item":"https:\/\/vttcanetloisirs.fr\/"},{"@type":"ListItem","position":2,"name":"Traces GPX Ruffes 2026"}]},{"@type":"WebSite","@id":"https:\/\/vttcanetloisirs.fr\/#website","url":"https:\/\/vttcanetloisirs.fr\/","name":"VTT CANET LOISIRS","description":"SALAGOU SPORTS LOISIRS","publisher":{"@id":"https:\/\/vttcanetloisirs.fr\/#organization"},"potentialAction":[{"@type":"SearchAction","target":{"@type":"EntryPoint","urlTemplate":"https:\/\/vttcanetloisirs.fr\/?s={search_term_string}"},"query-input":{"@type":"PropertyValueSpecification","valueRequired":true,"valueName":"search_term_string"}}],"inLanguage":"fr-FR"},{"@type":"Organization","@id":"https:\/\/vttcanetloisirs.fr\/#organization","name":"VTT CANET LOISIRS","url":"https:\/\/vttcanetloisirs.fr\/","logo":{"@type":"ImageObject","inLanguage":"fr-FR","@id":"https:\/\/vttcanetloisirs.fr\/#\/schema\/logo\/image\/","url":"https:\/\/vttcanetloisirs.fr\/wp-content\/uploads\/2024\/08\/cropped-Logo_SSL-1.png","contentUrl":"https:\/\/vttcanetloisirs.fr\/wp-content\/uploads\/2024\/08\/cropped-Logo_SSL-1.png","width":450,"height":450,"caption":"VTT CANET LOISIRS"},"image":{"@id":"https:\/\/vttcanetloisirs.fr\/#\/schema\/logo\/image\/"}}]}},"_links":{"self":[{"href":"https:\/\/vttcanetloisirs.fr\/index.php\/wp-json\/wp\/v2\/pages\/2984","targetHints":{"allow":["GET"]}}],"collection":[{"href":"https:\/\/vttcanetloisirs.fr\/index.php\/wp-json\/wp\/v2\/pages"}],"about":[{"href":"https:\/\/vttcanetloisirs.fr\/index.php\/wp-json\/wp\/v2\/types\/page"}],"author":[{"embeddable":true,"href":"https:\/\/vttcanetloisirs.fr\/index.php\/wp-json\/wp\/v2\/users\/6"}],"replies":[{"embeddable":true,"href":"https:\/\/vttcanetloisirs.fr\/index.php\/wp-json\/wp\/v2\/comments?post=2984"}],"version-history":[{"count":10,"href":"https:\/\/vttcanetloisirs.fr\/index.php\/wp-json\/wp\/v2\/pages\/2984\/revisions"}],"predecessor-version":[{"id":3366,"href":"https:\/\/vttcanetloisirs.fr\/index.php\/wp-json\/wp\/v2\/pages\/2984\/revisions\/3366"}],"wp:attachment":[{"href":"https:\/\/vttcanetloisirs.fr\/index.php\/wp-json\/wp\/v2\/media?parent=2984"}],"curies":[{"name":"wp","href":"https:\/\/api.w.org\/{rel}","templated":true}]}}