{"id":3,"date":"2024-07-20T21:00:51","date_gmt":"2024-07-20T19:00:51","guid":{"rendered":"http:\/\/vttcanetloisirs.fr\/?page_id=3"},"modified":"2024-12-15T18:38:51","modified_gmt":"2024-12-15T17:38:51","slug":"politique-de-confidentialite","status":"publish","type":"page","link":"https:\/\/vttcanetloisirs.fr\/index.php\/politique-de-confidentialite\/","title":{"rendered":"Politique de confidentialit\u00e9"},"content":{"rendered":"\t\t<div data-elementor-type=\"wp-page\" data-elementor-id=\"3\" class=\"elementor elementor-3\" data-elementor-post-type=\"page\">\n\t\t\t\t<div class=\"elementor-element elementor-element-68d99be8 e-flex e-con-boxed e-con e-parent\" data-id=\"68d99be8\" data-element_type=\"container\" data-e-type=\"container\">\n\t\t\t\t\t<div class=\"e-con-inner\">\n\t\t\t\t<div class=\"elementor-element elementor-element-1b467b5 elementor-widget elementor-widget-heading\" data-id=\"1b467b5\" data-element_type=\"widget\" data-e-type=\"widget\" data-widget_type=\"heading.default\">\n\t\t\t\t\t<h2 class=\"elementor-heading-title elementor-size-default\"><br>Politique de Confidentialit\u00e9<br><\/h2>\t\t\t\t<\/div>\n\t\t\t\t<div class=\"elementor-element elementor-element-1ec5b849 elementor-widget elementor-widget-text-editor\" data-id=\"1ec5b849\" data-element_type=\"widget\" data-e-type=\"widget\" data-widget_type=\"text-editor.default\">\n\t\t\t\t\t\t\t\t\t<h3>1. Introduction<\/h3>\n<p>VTT CANET LOISIRS, section VTT de l&rsquo;association SALAGOU SPORTS LOISIRS s&rsquo;engage \u00e0 prot\u00e9ger la confidentialit\u00e9 et la s\u00e9curit\u00e9 des donn\u00e9es personnelles de ses membres et des utilisateurs de son site web. Cette Politique de Confidentialit\u00e9 explique comment nous collectons, utilisons, et prot\u00e9geons vos donn\u00e9es personnelles conform\u00e9ment \u00e0 la l\u00e9gislation en vigueur, notamment le R\u00e8glement G\u00e9n\u00e9ral sur la Protection des Donn\u00e9es (RGPD).<\/p>\n<h3>2. Donn\u00e9es collect\u00e9es<\/h3>\n<p>Nous collectons les donn\u00e9es personnelles suivantes via notre formulaire de contact :<\/p>\n<ul>\n<li><strong>Nom et pr\u00e9nom<\/strong> : Pour identifier les personnes souhaitant nous contacter.<\/li>\n<li><strong>Adresse postale<\/strong> : Pour pouvoir vous envoyer des informations ou des documents si n\u00e9cessaire.<\/li>\n<li><strong>Adresse e-mail<\/strong> : Pour vous r\u00e9pondre et vous tenir inform\u00e9 de nos activit\u00e9s.<\/li>\n<li><strong>Num\u00e9ro de t\u00e9l\u00e9phone<\/strong> : Pour pouvoir vous contacter rapidement si besoin.<\/li>\n<li><strong>Message<\/strong> : Le contenu de votre message pour comprendre et r\u00e9pondre \u00e0 votre demande.<\/li>\n<\/ul>\n<h3>3. Utilisation des donn\u00e9es<\/h3>\n<p>Les donn\u00e9es collect\u00e9es sont utilis\u00e9es pour :<\/p>\n<ul>\n<li>R\u00e9pondre \u00e0 vos demandes d&rsquo;informations ou d&rsquo;adh\u00e9sion.<\/li>\n<li>G\u00e9rer les relations avec les membres et les personnes int\u00e9ress\u00e9es par nos activit\u00e9s.<\/li>\n<li>Vous envoyer des informations sur nos \u00e9v\u00e9nements, sorties, ou autres activit\u00e9s de l&rsquo;association.<\/li>\n<\/ul>\n<h3>4. Partage des donn\u00e9es<\/h3>\n<p>Les donn\u00e9es personnelles que nous collectons sont uniquement destin\u00e9es \u00e0 VTT CANET LOISIRS, section VTT de l&rsquo;association SALAGOU SPORTS LOISIRS et ne seront pas partag\u00e9es avec des tiers, sauf si la loi l&rsquo;exige ou avec votre consentement explicite.<\/p>\n<h3>5. Dur\u00e9e de conservation des donn\u00e9es<\/h3>\n<p>Vos donn\u00e9es personnelles sont conserv\u00e9es pendant une dur\u00e9e de 1 an \u00e0 compter de la derni\u00e8re interaction avec vous, sauf obligation l\u00e9gale de les conserver plus longtemps.<\/p>\n<h3>6. Vos droits<\/h3>\n<p>Conform\u00e9ment \u00e0 la loi \u00ab\u00a0Informatique et Libert\u00e9s\u00a0\u00bb et au RGPD, vous disposez des droits suivants sur vos donn\u00e9es personnelles :<\/p>\n<ul>\n<li><strong>Droit d&rsquo;acc\u00e8s<\/strong> : Vous pouvez demander \u00e0 consulter les donn\u00e9es personnelles que nous d\u00e9tenons \u00e0 votre sujet.<\/li>\n<li><strong>Droit de rectification<\/strong> : Vous pouvez demander la correction de donn\u00e9es personnelles inexactes ou incompl\u00e8tes.<\/li>\n<li><strong>Droit \u00e0 l&rsquo;effacement<\/strong> : Vous pouvez demander la suppression de vos donn\u00e9es personnelles.<\/li>\n<li><strong>Droit \u00e0 la limitation<\/strong> : Vous pouvez demander la limitation du traitement de vos donn\u00e9es dans certaines circonstances.<\/li>\n<li><strong>Droit d&rsquo;opposition<\/strong> : Vous pouvez vous opposer au traitement de vos donn\u00e9es pour des raisons l\u00e9gitimes.<\/li>\n<li><strong>Droit \u00e0 la portabilit\u00e9<\/strong> : Vous pouvez demander \u00e0 recevoir vos donn\u00e9es dans un format structur\u00e9 et couramment utilis\u00e9.<\/li>\n<\/ul>\n<p>Pour exercer vos droits, veuillez nous contacter \u00e0 l&rsquo;adresse suivante : vttcanetloisirs@free.fr<br>Ou directement depuis le formulaire de&nbsp;<a href=\"https:\/\/vttcanetloisirs.fr\/index.php\/contact\/\" target=\"_blank\">contact<\/a>.<br><\/p>\n<h3>7. S\u00e9curit\u00e9 des donn\u00e9es<\/h3>\n<p>Nous mettons en \u0153uvre des mesures techniques et organisationnelles appropri\u00e9es pour prot\u00e9ger vos donn\u00e9es personnelles contre toute destruction accidentelle ou illicite, perte, alt\u00e9ration, divulgation ou acc\u00e8s non autoris\u00e9.<\/p>\n<h3>8. Cookies<\/h3>\n<p>Notre site utilise des cookies pour am\u00e9liorer votre exp\u00e9rience de navigation. Les cookies sont de petits fichiers texte stock\u00e9s sur votre appareil. Vous pouvez g\u00e9rer et\/ou d\u00e9sactiver les cookies via les param\u00e8tres de votre navigateur.<\/p>\n<h3>9. Modifications de la Politique de Confidentialit\u00e9<\/h3>\n<p>Nous pouvons mettre \u00e0 jour cette Politique de Confidentialit\u00e9 \u00e0 tout moment. Toute modification sera publi\u00e9e sur cette page. Nous vous encourageons \u00e0 consulter r\u00e9guli\u00e8rement cette page pour prendre connaissance des \u00e9ventuelles mises \u00e0 jour.<\/p>\n<h3>10. Contact<\/h3>\n<p>Pour toute question concernant cette Politique de Confidentialit\u00e9 ou pour exercer vos droits, vous pouvez nous contacter \u00e0 l&rsquo;adresse suivante : vttcanetloisirs@free.fr<br><\/p>\t\t\t\t\t\t\t\t<\/div>\n\t\t\t\t\t<\/div>\n\t\t\t\t<\/div>\n\t\t\t\t<\/div>\n\t\t","protected":false},"excerpt":{"rendered":"<p>Politique de Confidentialit\u00e9 1. Introduction VTT CANET LOISIRS, section VTT de l&rsquo;association SALAGOU SPORTS LOISIRS s&rsquo;engage \u00e0 prot\u00e9ger la confidentialit\u00e9 et la s\u00e9curit\u00e9 des donn\u00e9es personnelles de ses membres et [&hellip;]<\/p>\n","protected":false},"author":1,"featured_media":0,"parent":0,"menu_order":0,"comment_status":"closed","ping_status":"open","template":"templates\/custom-full-width.php","meta":{"footnotes":""},"class_list":["post-3","page","type-page","status-publish","hentry"],"yoast_head":"<!-- This site is optimized with the Yoast SEO plugin v26.8 - https:\/\/yoast.com\/product\/yoast-seo-wordpress\/ -->\n<title>Politique de confidentialit\u00e9 - VTT CANET LOISIRS<\/title>\n<meta name=\"robots\" content=\"index, follow, max-snippet:-1, max-image-preview:large, max-video-preview:-1\" \/>\n<link rel=\"canonical\" href=\"https:\/\/vttcanetloisirs.fr\/index.php\/politique-de-confidentialite\/\" \/>\n<meta property=\"og:locale\" content=\"fr_FR\" \/>\n<meta property=\"og:type\" content=\"article\" \/>\n<meta property=\"og:title\" content=\"Politique de confidentialit\u00e9 - VTT CANET LOISIRS\" \/>\n<meta property=\"og:description\" content=\"Politique de Confidentialit\u00e9 1. Introduction VTT CANET LOISIRS, section VTT de l&rsquo;association SALAGOU SPORTS LOISIRS s&rsquo;engage \u00e0 prot\u00e9ger la confidentialit\u00e9 et la s\u00e9curit\u00e9 des donn\u00e9es personnelles de ses membres et [&hellip;]\" \/>\n<meta property=\"og:url\" content=\"https:\/\/vttcanetloisirs.fr\/index.php\/politique-de-confidentialite\/\" \/>\n<meta property=\"og:site_name\" content=\"VTT CANET LOISIRS\" \/>\n<meta property=\"article:modified_time\" content=\"2024-12-15T17:38:51+00:00\" \/>\n<meta name=\"twitter:card\" content=\"summary_large_image\" \/>\n<meta name=\"twitter:label1\" content=\"Dur\u00e9e de lecture estim\u00e9e\" \/>\n\t<meta name=\"twitter:data1\" content=\"3 minutes\" \/>\n<script type=\"application\/ld+json\" class=\"yoast-schema-graph\">{\"@context\":\"https:\/\/schema.org\",\"@graph\":[{\"@type\":\"WebPage\",\"@id\":\"https:\/\/vttcanetloisirs.fr\/index.php\/politique-de-confidentialite\/\",\"url\":\"https:\/\/vttcanetloisirs.fr\/index.php\/politique-de-confidentialite\/\",\"name\":\"Politique de confidentialit\u00e9 - VTT CANET LOISIRS\",\"isPartOf\":{\"@id\":\"https:\/\/vttcanetloisirs.fr\/#website\"},\"datePublished\":\"2024-07-20T19:00:51+00:00\",\"dateModified\":\"2024-12-15T17:38:51+00:00\",\"breadcrumb\":{\"@id\":\"https:\/\/vttcanetloisirs.fr\/index.php\/politique-de-confidentialite\/#breadcrumb\"},\"inLanguage\":\"fr-FR\",\"potentialAction\":[{\"@type\":\"ReadAction\",\"target\":[\"https:\/\/vttcanetloisirs.fr\/index.php\/politique-de-confidentialite\/\"]}]},{\"@type\":\"BreadcrumbList\",\"@id\":\"https:\/\/vttcanetloisirs.fr\/index.php\/politique-de-confidentialite\/#breadcrumb\",\"itemListElement\":[{\"@type\":\"ListItem\",\"position\":1,\"name\":\"Accueil\",\"item\":\"https:\/\/vttcanetloisirs.fr\/\"},{\"@type\":\"ListItem\",\"position\":2,\"name\":\"Politique de confidentialit\u00e9\"}]},{\"@type\":\"WebSite\",\"@id\":\"https:\/\/vttcanetloisirs.fr\/#website\",\"url\":\"https:\/\/vttcanetloisirs.fr\/\",\"name\":\"VTT CANET LOISIRS\",\"description\":\"SALAGOU SPORTS LOISIRS\",\"publisher\":{\"@id\":\"https:\/\/vttcanetloisirs.fr\/#organization\"},\"potentialAction\":[{\"@type\":\"SearchAction\",\"target\":{\"@type\":\"EntryPoint\",\"urlTemplate\":\"https:\/\/vttcanetloisirs.fr\/?s={search_term_string}\"},\"query-input\":{\"@type\":\"PropertyValueSpecification\",\"valueRequired\":true,\"valueName\":\"search_term_string\"}}],\"inLanguage\":\"fr-FR\"},{\"@type\":\"Organization\",\"@id\":\"https:\/\/vttcanetloisirs.fr\/#organization\",\"name\":\"VTT CANET LOISIRS\",\"url\":\"https:\/\/vttcanetloisirs.fr\/\",\"logo\":{\"@type\":\"ImageObject\",\"inLanguage\":\"fr-FR\",\"@id\":\"https:\/\/vttcanetloisirs.fr\/#\/schema\/logo\/image\/\",\"url\":\"https:\/\/vttcanetloisirs.fr\/wp-content\/uploads\/2024\/08\/cropped-Logo_SSL-1.png\",\"contentUrl\":\"https:\/\/vttcanetloisirs.fr\/wp-content\/uploads\/2024\/08\/cropped-Logo_SSL-1.png\",\"width\":450,\"height\":450,\"caption\":\"VTT CANET LOISIRS\"},\"image\":{\"@id\":\"https:\/\/vttcanetloisirs.fr\/#\/schema\/logo\/image\/\"}}]}<\/script>\n<!-- \/ Yoast SEO plugin. -->","yoast_head_json":{"title":"Politique de confidentialit\u00e9 - VTT CANET LOISIRS","robots":{"index":"index","follow":"follow","max-snippet":"max-snippet:-1","max-image-preview":"max-image-preview:large","max-video-preview":"max-video-preview:-1"},"canonical":"https:\/\/vttcanetloisirs.fr\/index.php\/politique-de-confidentialite\/","og_locale":"fr_FR","og_type":"article","og_title":"Politique de confidentialit\u00e9 - VTT CANET LOISIRS","og_description":"Politique de Confidentialit\u00e9 1. Introduction VTT CANET LOISIRS, section VTT de l&rsquo;association SALAGOU SPORTS LOISIRS s&rsquo;engage \u00e0 prot\u00e9ger la confidentialit\u00e9 et la s\u00e9curit\u00e9 des donn\u00e9es personnelles de ses membres et [&hellip;]","og_url":"https:\/\/vttcanetloisirs.fr\/index.php\/politique-de-confidentialite\/","og_site_name":"VTT CANET LOISIRS","article_modified_time":"2024-12-15T17:38:51+00:00","twitter_card":"summary_large_image","twitter_misc":{"Dur\u00e9e de lecture estim\u00e9e":"3 minutes"},"schema":{"@context":"https:\/\/schema.org","@graph":[{"@type":"WebPage","@id":"https:\/\/vttcanetloisirs.fr\/index.php\/politique-de-confidentialite\/","url":"https:\/\/vttcanetloisirs.fr\/index.php\/politique-de-confidentialite\/","name":"Politique de confidentialit\u00e9 - VTT CANET LOISIRS","isPartOf":{"@id":"https:\/\/vttcanetloisirs.fr\/#website"},"datePublished":"2024-07-20T19:00:51+00:00","dateModified":"2024-12-15T17:38:51+00:00","breadcrumb":{"@id":"https:\/\/vttcanetloisirs.fr\/index.php\/politique-de-confidentialite\/#breadcrumb"},"inLanguage":"fr-FR","potentialAction":[{"@type":"ReadAction","target":["https:\/\/vttcanetloisirs.fr\/index.php\/politique-de-confidentialite\/"]}]},{"@type":"BreadcrumbList","@id":"https:\/\/vttcanetloisirs.fr\/index.php\/politique-de-confidentialite\/#breadcrumb","itemListElement":[{"@type":"ListItem","position":1,"name":"Accueil","item":"https:\/\/vttcanetloisirs.fr\/"},{"@type":"ListItem","position":2,"name":"Politique de confidentialit\u00e9"}]},{"@type":"WebSite","@id":"https:\/\/vttcanetloisirs.fr\/#website","url":"https:\/\/vttcanetloisirs.fr\/","name":"VTT CANET LOISIRS","description":"SALAGOU SPORTS LOISIRS","publisher":{"@id":"https:\/\/vttcanetloisirs.fr\/#organization"},"potentialAction":[{"@type":"SearchAction","target":{"@type":"EntryPoint","urlTemplate":"https:\/\/vttcanetloisirs.fr\/?s={search_term_string}"},"query-input":{"@type":"PropertyValueSpecification","valueRequired":true,"valueName":"search_term_string"}}],"inLanguage":"fr-FR"},{"@type":"Organization","@id":"https:\/\/vttcanetloisirs.fr\/#organization","name":"VTT CANET LOISIRS","url":"https:\/\/vttcanetloisirs.fr\/","logo":{"@type":"ImageObject","inLanguage":"fr-FR","@id":"https:\/\/vttcanetloisirs.fr\/#\/schema\/logo\/image\/","url":"https:\/\/vttcanetloisirs.fr\/wp-content\/uploads\/2024\/08\/cropped-Logo_SSL-1.png","contentUrl":"https:\/\/vttcanetloisirs.fr\/wp-content\/uploads\/2024\/08\/cropped-Logo_SSL-1.png","width":450,"height":450,"caption":"VTT CANET LOISIRS"},"image":{"@id":"https:\/\/vttcanetloisirs.fr\/#\/schema\/logo\/image\/"}}]}},"_links":{"self":[{"href":"https:\/\/vttcanetloisirs.fr\/index.php\/wp-json\/wp\/v2\/pages\/3","targetHints":{"allow":["GET"]}}],"collection":[{"href":"https:\/\/vttcanetloisirs.fr\/index.php\/wp-json\/wp\/v2\/pages"}],"about":[{"href":"https:\/\/vttcanetloisirs.fr\/index.php\/wp-json\/wp\/v2\/types\/page"}],"author":[{"embeddable":true,"href":"https:\/\/vttcanetloisirs.fr\/index.php\/wp-json\/wp\/v2\/users\/1"}],"replies":[{"embeddable":true,"href":"https:\/\/vttcanetloisirs.fr\/index.php\/wp-json\/wp\/v2\/comments?post=3"}],"version-history":[{"count":9,"href":"https:\/\/vttcanetloisirs.fr\/index.php\/wp-json\/wp\/v2\/pages\/3\/revisions"}],"predecessor-version":[{"id":2568,"href":"https:\/\/vttcanetloisirs.fr\/index.php\/wp-json\/wp\/v2\/pages\/3\/revisions\/2568"}],"wp:attachment":[{"href":"https:\/\/vttcanetloisirs.fr\/index.php\/wp-json\/wp\/v2\/media?parent=3"}],"curies":[{"name":"wp","href":"https:\/\/api.w.org\/{rel}","templated":true}]}}