{"id":3282,"date":"2026-02-25T19:41:21","date_gmt":"2026-02-25T18:41:21","guid":{"rendered":"https:\/\/vttcanetloisirs.fr\/?page_id=3282"},"modified":"2026-02-26T18:40:39","modified_gmt":"2026-02-26T17:40:39","slug":"nos-reportages","status":"publish","type":"page","link":"https:\/\/vttcanetloisirs.fr\/index.php\/nos-reportages\/","title":{"rendered":"Nos reportages"},"content":{"rendered":"\t\t<div data-elementor-type=\"wp-page\" data-elementor-id=\"3282\" class=\"elementor elementor-3282\" data-elementor-post-type=\"page\">\n\t\t\t\t<div class=\"elementor-element elementor-element-2b11f265 e-flex e-con-boxed e-con e-parent\" data-id=\"2b11f265\" data-element_type=\"container\" data-e-type=\"container\">\n\t\t\t\t\t<div class=\"e-con-inner\">\n\t\t\t\t<div class=\"elementor-element elementor-element-1bd17158 elementor-widget elementor-widget-text-editor\" data-id=\"1bd17158\" data-element_type=\"widget\" data-e-type=\"widget\" data-widget_type=\"text-editor.default\">\n\t\t\t\t\t\t\t\t\t\n<div class=\"wp-block-group\"><div class=\"wp-block-group__inner-container is-layout-constrained wp-block-group-is-layout-constrained\"><\/div><\/div>\n\t\t\t\t\t\t\t\t<\/div>\n\t\t\t\t\t<\/div>\n\t\t\t\t<\/div>\n\t\t<div class=\"elementor-element elementor-element-30ef86d e-flex e-con-boxed e-con e-parent\" data-id=\"30ef86d\" data-element_type=\"container\" data-e-type=\"container\">\n\t\t\t\t\t<div class=\"e-con-inner\">\n\t\t\t\t<div class=\"elementor-element elementor-element-546a97c elementor-grid-1 elementor-widget__width-inherit elementor-grid-tablet-2 elementor-grid-mobile-1 elementor-widget elementor-widget-elementor-blog-posts\" data-id=\"546a97c\" data-element_type=\"widget\" data-e-type=\"widget\" data-settings=\"{&quot;columns&quot;:&quot;1&quot;,&quot;columns_tablet&quot;:&quot;2&quot;,&quot;columns_mobile&quot;:&quot;1&quot;}\" data-widget_type=\"elementor-blog-posts.default\">\n\t\t\t\t<div class=\"elementor-widget-container\">\n\t\t\t\t\t\t\t<div class=\"wpcap-grid\">\n\t\t\t\t\t\t<div class=\"wpcap-grid-container elementor-grid wpcap-grid-desktop-1 wpcap-grid-tablet-2 wpcap-grid-mobile-1\">\n\n\t\t\t\t\n        <article id=\"post-3400\" class=\"wpcap-post post-3400 post type-post status-publish format-standard has-post-thumbnail hentry category-non-classe\">\n         \n            <div class=\"post-grid-inner\">\n            \t\n            \t\t\t\t<div class=\"post-grid-thumbnail\">\n\t\t\t\t<a href=\"https:\/\/vttcanetloisirs.fr\/index.php\/2026\/04\/12\/les-ruffes-du-salagou-2026\/\">\n\t\t\t\t\t<img fetchpriority=\"high\" decoding=\"async\" width=\"1131\" height=\"1600\" src=\"https:\/\/vttcanetloisirs.fr\/wp-content\/uploads\/2026\/04\/Ruffes-du-Salagou-2026_finalise.jpeg\" class=\"attachment-full size-full wp-post-image\" alt=\"\" \/>\t\t\t\t<\/a>\n\t\t\t<\/div>\n        \n                <div class=\"post-grid-text-wrap\">\n               \t\t\t\t<h3 class=\"title\">\n\t\t\t<a href=\"https:\/\/vttcanetloisirs.fr\/index.php\/2026\/04\/12\/les-ruffes-du-salagou-2026\/\">Les Ruffes du Salagou 2026<\/a>\n\t\t<\/h3>\n\t\t\t                \t\t<div class=\"post-grid-meta\">\n\t\t\t\n\t\t\t\t<span class=\"post-date\"><time datetime=\"2026-04-12T16:14:08+02:00\">12 avril 2026<\/time><\/span>\n\n\t\t\t\t\n\t\t\t\t<span class=\"post-comments\">Aucun commentaire<\/span>\n\n\t\t\t\t\t\t<\/div>\n\t\t\t                \t\t<div class=\"post-grid-excerpt\">\n\t\t\t<p>A partir de d\u00e9but Mai les inscriptions en ligne seront possibles sur HelloAsso et vous trouverez sur cette page un lien direct. Les circuits propos\u00e9s seront tous t\u00e9l\u00e9chargeables au format&hellip;<\/p>\n\t\t<\/div>\n\t\t\t                \t\t<a class=\"read-more-btn\" href=\"https:\/\/vttcanetloisirs.fr\/index.php\/2026\/04\/12\/les-ruffes-du-salagou-2026\/\">Lire la suite \u00bb<\/a>\n\t\t                <\/div>\n\n            <\/div><!-- .blog-inner -->\n           \n        <\/article>\n\n        \n        <article id=\"post-3389\" class=\"wpcap-post post-3389 post type-post status-publish format-standard has-post-thumbnail hentry category-non-classe\">\n         \n            <div class=\"post-grid-inner\">\n            \t\n            \t\t\t\t<div class=\"post-grid-thumbnail\">\n\t\t\t\t<a href=\"https:\/\/vttcanetloisirs.fr\/index.php\/2026\/04\/10\/le-cirque-du-bout-du-monde\/\">\n\t\t\t\t\t<img decoding=\"async\" width=\"2016\" height=\"908\" src=\"https:\/\/vttcanetloisirs.fr\/wp-content\/uploads\/2026\/04\/WhatsApp-Image-2026-04-07-at-21.38.52.jpeg\" class=\"attachment-full size-full wp-post-image\" alt=\"\" \/>\t\t\t\t<\/a>\n\t\t\t<\/div>\n        \n                <div class=\"post-grid-text-wrap\">\n               \t\t\t\t<h3 class=\"title\">\n\t\t\t<a href=\"https:\/\/vttcanetloisirs.fr\/index.php\/2026\/04\/10\/le-cirque-du-bout-du-monde\/\">Le cirque du bout du monde<\/a>\n\t\t<\/h3>\n\t\t\t                \t\t<div class=\"post-grid-meta\">\n\t\t\t\n\t\t\t\t<span class=\"post-date\"><time datetime=\"2026-04-10T18:23:32+02:00\">10 avril 2026<\/time><\/span>\n\n\t\t\t\t\n\t\t\t\t<span class=\"post-comments\">Aucun commentaire<\/span>\n\n\t\t\t\t\t\t<\/div>\n\t\t\t                \t\t<div class=\"post-grid-excerpt\">\n\t\t\t<p>Sortie \u2013 Cirque du Bout du Monde38 km | 580 m D+Une sortie comme on les aime \u2764\ufe0fUn parcours ultra vari\u00e9 avec du single joueur, de la piste, quelques portions&hellip;<\/p>\n\t\t<\/div>\n\t\t\t                \t\t<a class=\"read-more-btn\" href=\"https:\/\/vttcanetloisirs.fr\/index.php\/2026\/04\/10\/le-cirque-du-bout-du-monde\/\">Lire la suite \u00bb<\/a>\n\t\t                <\/div>\n\n            <\/div><!-- .blog-inner -->\n           \n        <\/article>\n\n        \n        <article id=\"post-3370\" class=\"wpcap-post post-3370 post type-post status-publish format-standard has-post-thumbnail hentry category-non-classe\">\n         \n            <div class=\"post-grid-inner\">\n            \t\n            \t\t\t\t<div class=\"post-grid-thumbnail\">\n\t\t\t\t<a href=\"https:\/\/vttcanetloisirs.fr\/index.php\/2026\/04\/03\/balade-a-aumes\/\">\n\t\t\t\t\t<img decoding=\"async\" width=\"2016\" height=\"908\" src=\"https:\/\/vttcanetloisirs.fr\/wp-content\/uploads\/2026\/04\/Resized_20260402_171437_20260402_191849.jpg\" class=\"attachment-full size-full wp-post-image\" alt=\"\" \/>\t\t\t\t<\/a>\n\t\t\t<\/div>\n        \n                <div class=\"post-grid-text-wrap\">\n               \t\t\t\t<h3 class=\"title\">\n\t\t\t<a href=\"https:\/\/vttcanetloisirs.fr\/index.php\/2026\/04\/03\/balade-a-aumes\/\">Balade \u00e0 Aumes<\/a>\n\t\t<\/h3>\n\t\t\t                \t\t<div class=\"post-grid-meta\">\n\t\t\t\n\t\t\t\t<span class=\"post-date\"><time datetime=\"2026-04-03T11:41:49+02:00\">3 avril 2026<\/time><\/span>\n\n\t\t\t\t\n\t\t\t\t<span class=\"post-comments\">Aucun commentaire<\/span>\n\n\t\t\t\t\t\t<\/div>\n\t\t\t                \t\t<div class=\"post-grid-excerpt\">\n\t\t\t<p>Sortie \u00e0 Aumes \ud83c\udf32Une tr\u00e8s belle escapade dans les pin\u00e8des, malgr\u00e9 une trace rendue exigeante par les fortes pluies de cet hiver et un d\u00e9nivel\u00e9 bien pr\u00e9sent.Mais c\u2019est exactement le&hellip;<\/p>\n\t\t<\/div>\n\t\t\t                \t\t<a class=\"read-more-btn\" href=\"https:\/\/vttcanetloisirs.fr\/index.php\/2026\/04\/03\/balade-a-aumes\/\">Lire la suite \u00bb<\/a>\n\t\t                <\/div>\n\n            <\/div><!-- .blog-inner -->\n           \n        <\/article>\n\n        \n        <article id=\"post-3342\" class=\"wpcap-post post-3342 post type-post status-publish format-standard has-post-thumbnail hentry category-sorties\">\n         \n            <div class=\"post-grid-inner\">\n            \t\n            \t\t\t\t<div class=\"post-grid-thumbnail\">\n\t\t\t\t<a href=\"https:\/\/vttcanetloisirs.fr\/index.php\/2026\/03\/07\/villeneuvette-en-boucle\/\">\n\t\t\t\t\t<img loading=\"lazy\" decoding=\"async\" width=\"1824\" height=\"1368\" src=\"https:\/\/vttcanetloisirs.fr\/wp-content\/uploads\/2026\/03\/Villeneuvette_5mars26.jpeg\" class=\"attachment-full size-full wp-post-image\" alt=\"\" \/>\t\t\t\t<\/a>\n\t\t\t<\/div>\n        \n                <div class=\"post-grid-text-wrap\">\n               \t\t\t\t<h3 class=\"title\">\n\t\t\t<a href=\"https:\/\/vttcanetloisirs.fr\/index.php\/2026\/03\/07\/villeneuvette-en-boucle\/\">Villeneuvette en boucle<\/a>\n\t\t<\/h3>\n\t\t\t                \t\t<div class=\"post-grid-meta\">\n\t\t\t\n\t\t\t\t<span class=\"post-date\"><time datetime=\"2026-03-07T11:41:30+01:00\">7 mars 2026<\/time><\/span>\n\n\t\t\t\t\n\t\t\t\t<span class=\"post-comments\">Aucun commentaire<\/span>\n\n\t\t\t\t\t\t<\/div>\n\t\t\t                \t\t<div class=\"post-grid-excerpt\">\n\t\t\t<p>Sortie VTT au d\u00e9part de Villeneuvette \ud83d\udeb5\u200d\u2642\ufe0fUn circuit vraiment top pour cette sortie ! Un peu d\u2019humidit\u00e9 dans l\u2019air \u2014 pour ne pas parler de pluie \ud83d\ude05 \u2014 mais rien&hellip;<\/p>\n\t\t<\/div>\n\t\t\t                \t\t<a class=\"read-more-btn\" href=\"https:\/\/vttcanetloisirs.fr\/index.php\/2026\/03\/07\/villeneuvette-en-boucle\/\">Lire la suite \u00bb<\/a>\n\t\t                <\/div>\n\n            <\/div><!-- .blog-inner -->\n           \n        <\/article>\n\n        \n        <article id=\"post-3315\" class=\"wpcap-post post-3315 post type-post status-publish format-standard has-post-thumbnail hentry category-sorties tag-gorges-heric\">\n         \n            <div class=\"post-grid-inner\">\n            \t\n            \t\t\t\t<div class=\"post-grid-thumbnail\">\n\t\t\t\t<a href=\"https:\/\/vttcanetloisirs.fr\/index.php\/2026\/02\/27\/aniane-et-st-guilhem-le-desert\/\">\n\t\t\t\t\t<img loading=\"lazy\" decoding=\"async\" width=\"920\" height=\"1992\" src=\"https:\/\/vttcanetloisirs.fr\/wp-content\/uploads\/2026\/02\/Aniane_26Fev26-5.jpeg\" class=\"attachment-full size-full wp-post-image\" alt=\"\" \/>\t\t\t\t<\/a>\n\t\t\t<\/div>\n        \n                <div class=\"post-grid-text-wrap\">\n               \t\t\t\t<h3 class=\"title\">\n\t\t\t<a href=\"https:\/\/vttcanetloisirs.fr\/index.php\/2026\/02\/27\/aniane-et-st-guilhem-le-desert\/\">Aniane et St-Guilhem le D\u00e9sert<\/a>\n\t\t<\/h3>\n\t\t\t                \t\t<div class=\"post-grid-meta\">\n\t\t\t\n\t\t\t\t<span class=\"post-date\"><time datetime=\"2026-02-27T19:56:02+01:00\">27 f\u00e9vrier 2026<\/time><\/span>\n\n\t\t\t\t\n\t\t\t\t<span class=\"post-comments\">Aucun commentaire<\/span>\n\n\t\t\t\t\t\t<\/div>\n\t\t\t                \t\t<div class=\"post-grid-excerpt\">\n\t\t\t<p>Sortie du jour &#8211; Aniane \ud83d\udeb5\u200d\u2642\ufe0fSuper temps au rendez-vous pour cette belle sortie VTT \u00e0 Aniane.Un pur plaisir avec de beaux single tracks joueurs et techniques comme on les aime&hellip;<\/p>\n\t\t<\/div>\n\t\t\t                \t\t<a class=\"read-more-btn\" href=\"https:\/\/vttcanetloisirs.fr\/index.php\/2026\/02\/27\/aniane-et-st-guilhem-le-desert\/\">Lire la suite \u00bb<\/a>\n\t\t                <\/div>\n\n            <\/div><!-- .blog-inner -->\n           \n        <\/article>\n\n        \n\t\t\t<\/div>\n\t\t<\/div>\n\t\t\t\t\t\t<\/div>\n\t\t\t\t<\/div>\n\t\t\t\t\t<\/div>\n\t\t\t\t<\/div>\n\t\t\t\t<\/div>\n\t\t","protected":false},"excerpt":{"rendered":"<p>Campagnan-Villeveyrac en boucle 25 f\u00e9vrier 2026 Aucun commentaire Ce mardi, nous avons organis\u00e9 une sortie VTT au d\u00e9part de Campagnan. La balade s\u2019est \u00e9tendue sur 35 km, avec un beau [&hellip;]<\/p>\n","protected":false},"author":6,"featured_media":0,"parent":0,"menu_order":0,"comment_status":"closed","ping_status":"closed","template":"templates\/custom-full-width.php","meta":{"footnotes":""},"class_list":["post-3282","page","type-page","status-publish","hentry"],"yoast_head":"<!-- This site is optimized with the Yoast SEO plugin v26.8 - https:\/\/yoast.com\/product\/yoast-seo-wordpress\/ -->\n<title>Nos reportages - VTT CANET LOISIRS<\/title>\n<meta name=\"robots\" content=\"index, follow, max-snippet:-1, max-image-preview:large, max-video-preview:-1\" \/>\n<link rel=\"canonical\" href=\"https:\/\/vttcanetloisirs.fr\/index.php\/nos-reportages\/\" \/>\n<meta property=\"og:locale\" content=\"fr_FR\" \/>\n<meta property=\"og:type\" content=\"article\" \/>\n<meta property=\"og:title\" content=\"Nos reportages - VTT CANET LOISIRS\" \/>\n<meta property=\"og:description\" content=\"Campagnan-Villeveyrac en boucle 25 f\u00e9vrier 2026 Aucun commentaire Ce mardi, nous avons organis\u00e9 une sortie VTT au d\u00e9part de Campagnan. La balade s\u2019est \u00e9tendue sur 35 km, avec un beau [&hellip;]\" \/>\n<meta property=\"og:url\" content=\"https:\/\/vttcanetloisirs.fr\/index.php\/nos-reportages\/\" \/>\n<meta property=\"og:site_name\" content=\"VTT CANET LOISIRS\" \/>\n<meta property=\"article:modified_time\" content=\"2026-02-26T17:40:39+00:00\" \/>\n<meta property=\"og:image\" content=\"https:\/\/vttcanetloisirs.fr\/wp-content\/uploads\/2026\/02\/Campagnan_Villeveyrac-3.jpeg\" \/>\n<meta name=\"twitter:card\" content=\"summary_large_image\" \/>\n<meta name=\"twitter:label1\" content=\"Dur\u00e9e de lecture estim\u00e9e\" \/>\n\t<meta name=\"twitter:data1\" content=\"3 minutes\" \/>\n<script type=\"application\/ld+json\" class=\"yoast-schema-graph\">{\"@context\":\"https:\/\/schema.org\",\"@graph\":[{\"@type\":\"WebPage\",\"@id\":\"https:\/\/vttcanetloisirs.fr\/index.php\/nos-reportages\/\",\"url\":\"https:\/\/vttcanetloisirs.fr\/index.php\/nos-reportages\/\",\"name\":\"Nos reportages - VTT CANET LOISIRS\",\"isPartOf\":{\"@id\":\"https:\/\/vttcanetloisirs.fr\/#website\"},\"primaryImageOfPage\":{\"@id\":\"https:\/\/vttcanetloisirs.fr\/index.php\/nos-reportages\/#primaryimage\"},\"image\":{\"@id\":\"https:\/\/vttcanetloisirs.fr\/index.php\/nos-reportages\/#primaryimage\"},\"thumbnailUrl\":\"https:\/\/vttcanetloisirs.fr\/wp-content\/uploads\/2026\/02\/Campagnan_Villeveyrac-3.jpeg\",\"datePublished\":\"2026-02-25T18:41:21+00:00\",\"dateModified\":\"2026-02-26T17:40:39+00:00\",\"breadcrumb\":{\"@id\":\"https:\/\/vttcanetloisirs.fr\/index.php\/nos-reportages\/#breadcrumb\"},\"inLanguage\":\"fr-FR\",\"potentialAction\":[{\"@type\":\"ReadAction\",\"target\":[\"https:\/\/vttcanetloisirs.fr\/index.php\/nos-reportages\/\"]}]},{\"@type\":\"ImageObject\",\"inLanguage\":\"fr-FR\",\"@id\":\"https:\/\/vttcanetloisirs.fr\/index.php\/nos-reportages\/#primaryimage\",\"url\":\"https:\/\/vttcanetloisirs.fr\/wp-content\/uploads\/2026\/02\/Campagnan_Villeveyrac-3.jpeg\",\"contentUrl\":\"https:\/\/vttcanetloisirs.fr\/wp-content\/uploads\/2026\/02\/Campagnan_Villeveyrac-3.jpeg\",\"width\":2016,\"height\":1134},{\"@type\":\"BreadcrumbList\",\"@id\":\"https:\/\/vttcanetloisirs.fr\/index.php\/nos-reportages\/#breadcrumb\",\"itemListElement\":[{\"@type\":\"ListItem\",\"position\":1,\"name\":\"Accueil\",\"item\":\"https:\/\/vttcanetloisirs.fr\/\"},{\"@type\":\"ListItem\",\"position\":2,\"name\":\"Nos reportages\"}]},{\"@type\":\"WebSite\",\"@id\":\"https:\/\/vttcanetloisirs.fr\/#website\",\"url\":\"https:\/\/vttcanetloisirs.fr\/\",\"name\":\"VTT CANET LOISIRS\",\"description\":\"SALAGOU SPORTS LOISIRS\",\"publisher\":{\"@id\":\"https:\/\/vttcanetloisirs.fr\/#organization\"},\"potentialAction\":[{\"@type\":\"SearchAction\",\"target\":{\"@type\":\"EntryPoint\",\"urlTemplate\":\"https:\/\/vttcanetloisirs.fr\/?s={search_term_string}\"},\"query-input\":{\"@type\":\"PropertyValueSpecification\",\"valueRequired\":true,\"valueName\":\"search_term_string\"}}],\"inLanguage\":\"fr-FR\"},{\"@type\":\"Organization\",\"@id\":\"https:\/\/vttcanetloisirs.fr\/#organization\",\"name\":\"VTT CANET LOISIRS\",\"url\":\"https:\/\/vttcanetloisirs.fr\/\",\"logo\":{\"@type\":\"ImageObject\",\"inLanguage\":\"fr-FR\",\"@id\":\"https:\/\/vttcanetloisirs.fr\/#\/schema\/logo\/image\/\",\"url\":\"https:\/\/vttcanetloisirs.fr\/wp-content\/uploads\/2024\/08\/cropped-Logo_SSL-1.png\",\"contentUrl\":\"https:\/\/vttcanetloisirs.fr\/wp-content\/uploads\/2024\/08\/cropped-Logo_SSL-1.png\",\"width\":450,\"height\":450,\"caption\":\"VTT CANET LOISIRS\"},\"image\":{\"@id\":\"https:\/\/vttcanetloisirs.fr\/#\/schema\/logo\/image\/\"}}]}<\/script>\n<!-- \/ Yoast SEO plugin. -->","yoast_head_json":{"title":"Nos reportages - VTT CANET LOISIRS","robots":{"index":"index","follow":"follow","max-snippet":"max-snippet:-1","max-image-preview":"max-image-preview:large","max-video-preview":"max-video-preview:-1"},"canonical":"https:\/\/vttcanetloisirs.fr\/index.php\/nos-reportages\/","og_locale":"fr_FR","og_type":"article","og_title":"Nos reportages - VTT CANET LOISIRS","og_description":"Campagnan-Villeveyrac en boucle 25 f\u00e9vrier 2026 Aucun commentaire Ce mardi, nous avons organis\u00e9 une sortie VTT au d\u00e9part de Campagnan. La balade s\u2019est \u00e9tendue sur 35 km, avec un beau [&hellip;]","og_url":"https:\/\/vttcanetloisirs.fr\/index.php\/nos-reportages\/","og_site_name":"VTT CANET LOISIRS","article_modified_time":"2026-02-26T17:40:39+00:00","og_image":[{"url":"https:\/\/vttcanetloisirs.fr\/wp-content\/uploads\/2026\/02\/Campagnan_Villeveyrac-3.jpeg","type":"","width":"","height":""}],"twitter_card":"summary_large_image","twitter_misc":{"Dur\u00e9e de lecture estim\u00e9e":"3 minutes"},"schema":{"@context":"https:\/\/schema.org","@graph":[{"@type":"WebPage","@id":"https:\/\/vttcanetloisirs.fr\/index.php\/nos-reportages\/","url":"https:\/\/vttcanetloisirs.fr\/index.php\/nos-reportages\/","name":"Nos reportages - VTT CANET LOISIRS","isPartOf":{"@id":"https:\/\/vttcanetloisirs.fr\/#website"},"primaryImageOfPage":{"@id":"https:\/\/vttcanetloisirs.fr\/index.php\/nos-reportages\/#primaryimage"},"image":{"@id":"https:\/\/vttcanetloisirs.fr\/index.php\/nos-reportages\/#primaryimage"},"thumbnailUrl":"https:\/\/vttcanetloisirs.fr\/wp-content\/uploads\/2026\/02\/Campagnan_Villeveyrac-3.jpeg","datePublished":"2026-02-25T18:41:21+00:00","dateModified":"2026-02-26T17:40:39+00:00","breadcrumb":{"@id":"https:\/\/vttcanetloisirs.fr\/index.php\/nos-reportages\/#breadcrumb"},"inLanguage":"fr-FR","potentialAction":[{"@type":"ReadAction","target":["https:\/\/vttcanetloisirs.fr\/index.php\/nos-reportages\/"]}]},{"@type":"ImageObject","inLanguage":"fr-FR","@id":"https:\/\/vttcanetloisirs.fr\/index.php\/nos-reportages\/#primaryimage","url":"https:\/\/vttcanetloisirs.fr\/wp-content\/uploads\/2026\/02\/Campagnan_Villeveyrac-3.jpeg","contentUrl":"https:\/\/vttcanetloisirs.fr\/wp-content\/uploads\/2026\/02\/Campagnan_Villeveyrac-3.jpeg","width":2016,"height":1134},{"@type":"BreadcrumbList","@id":"https:\/\/vttcanetloisirs.fr\/index.php\/nos-reportages\/#breadcrumb","itemListElement":[{"@type":"ListItem","position":1,"name":"Accueil","item":"https:\/\/vttcanetloisirs.fr\/"},{"@type":"ListItem","position":2,"name":"Nos reportages"}]},{"@type":"WebSite","@id":"https:\/\/vttcanetloisirs.fr\/#website","url":"https:\/\/vttcanetloisirs.fr\/","name":"VTT CANET LOISIRS","description":"SALAGOU SPORTS LOISIRS","publisher":{"@id":"https:\/\/vttcanetloisirs.fr\/#organization"},"potentialAction":[{"@type":"SearchAction","target":{"@type":"EntryPoint","urlTemplate":"https:\/\/vttcanetloisirs.fr\/?s={search_term_string}"},"query-input":{"@type":"PropertyValueSpecification","valueRequired":true,"valueName":"search_term_string"}}],"inLanguage":"fr-FR"},{"@type":"Organization","@id":"https:\/\/vttcanetloisirs.fr\/#organization","name":"VTT CANET LOISIRS","url":"https:\/\/vttcanetloisirs.fr\/","logo":{"@type":"ImageObject","inLanguage":"fr-FR","@id":"https:\/\/vttcanetloisirs.fr\/#\/schema\/logo\/image\/","url":"https:\/\/vttcanetloisirs.fr\/wp-content\/uploads\/2024\/08\/cropped-Logo_SSL-1.png","contentUrl":"https:\/\/vttcanetloisirs.fr\/wp-content\/uploads\/2024\/08\/cropped-Logo_SSL-1.png","width":450,"height":450,"caption":"VTT CANET LOISIRS"},"image":{"@id":"https:\/\/vttcanetloisirs.fr\/#\/schema\/logo\/image\/"}}]}},"_links":{"self":[{"href":"https:\/\/vttcanetloisirs.fr\/index.php\/wp-json\/wp\/v2\/pages\/3282","targetHints":{"allow":["GET"]}}],"collection":[{"href":"https:\/\/vttcanetloisirs.fr\/index.php\/wp-json\/wp\/v2\/pages"}],"about":[{"href":"https:\/\/vttcanetloisirs.fr\/index.php\/wp-json\/wp\/v2\/types\/page"}],"author":[{"embeddable":true,"href":"https:\/\/vttcanetloisirs.fr\/index.php\/wp-json\/wp\/v2\/users\/6"}],"replies":[{"embeddable":true,"href":"https:\/\/vttcanetloisirs.fr\/index.php\/wp-json\/wp\/v2\/comments?post=3282"}],"version-history":[{"count":11,"href":"https:\/\/vttcanetloisirs.fr\/index.php\/wp-json\/wp\/v2\/pages\/3282\/revisions"}],"predecessor-version":[{"id":3297,"href":"https:\/\/vttcanetloisirs.fr\/index.php\/wp-json\/wp\/v2\/pages\/3282\/revisions\/3297"}],"wp:attachment":[{"href":"https:\/\/vttcanetloisirs.fr\/index.php\/wp-json\/wp\/v2\/media?parent=3282"}],"curies":[{"name":"wp","href":"https:\/\/api.w.org\/{rel}","templated":true}]}}