{"id":415,"date":"2024-08-10T19:05:58","date_gmt":"2024-08-10T17:05:58","guid":{"rendered":"https:\/\/vttcanetloisirs.fr\/?page_id=415"},"modified":"2024-12-15T18:12:07","modified_gmt":"2024-12-15T17:12:07","slug":"qui-sommes-nous","status":"publish","type":"page","link":"https:\/\/vttcanetloisirs.fr\/index.php\/qui-sommes-nous\/","title":{"rendered":"Qui sommes nous ?"},"content":{"rendered":"\t\t<div data-elementor-type=\"wp-page\" data-elementor-id=\"415\" class=\"elementor elementor-415\" data-elementor-post-type=\"page\">\n\t\t\t\t<div class=\"elementor-element elementor-element-b184395 e-flex e-con-boxed e-con e-parent\" data-id=\"b184395\" data-element_type=\"container\" data-e-type=\"container\">\n\t\t\t\t\t<div class=\"e-con-inner\">\n\t\t\t\t<div class=\"elementor-element elementor-element-1f75050 elementor-widget elementor-widget-heading\" data-id=\"1f75050\" data-element_type=\"widget\" data-e-type=\"widget\" data-widget_type=\"heading.default\">\n\t\t\t\t\t<h2 class=\"elementor-heading-title elementor-size-default\"><br>Pr\u00e9sentation de l'association<\/h2>\t\t\t\t<\/div>\n\t\t\t\t\t<\/div>\n\t\t\t\t<\/div>\n\t\t<div class=\"elementor-element elementor-element-427d62c e-flex e-con-boxed e-con e-parent\" data-id=\"427d62c\" data-element_type=\"container\" data-e-type=\"container\">\n\t\t\t\t\t<div class=\"e-con-inner\">\n\t\t\t\t<div class=\"elementor-element elementor-element-6f9be00 elementor-widget elementor-widget-text-editor\" data-id=\"6f9be00\" data-element_type=\"widget\" data-e-type=\"widget\" data-widget_type=\"text-editor.default\">\n\t\t\t\t\t\t\t\t\t<p>L\u2019Association loi 1901\u00a0 \u00abEnduro R\u00e9gional\u00bb d\u00e9clar\u00e9e le\u00a0 08\/11\/2008\u00a0 \u00e0 la sous-pr\u00e9fecture de Lod\u00e8ve (H\u00e9rault), r\u00e9unie en assembl\u00e9e g\u00e9n\u00e9rale le 17 Novembre 2016 \u00e0 Canet, a d\u00e9cid\u00e9, la cr\u00e9ation d\u2019une section VTT CANET LOISIRS, et la mise en \u0153uvre d&rsquo;un r\u00e8glement int\u00e9rieur.<\/p>\t\t\t\t\t\t\t\t<\/div>\n\t\t\t\t\t<\/div>\n\t\t\t\t<\/div>\n\t\t<div class=\"elementor-element elementor-element-11172bc e-flex e-con-boxed e-con e-parent\" data-id=\"11172bc\" data-element_type=\"container\" data-e-type=\"container\">\n\t\t\t\t\t<div class=\"e-con-inner\">\n\t\t\t\t<div class=\"elementor-element elementor-element-4b7935f elementor-widget elementor-widget-image\" data-id=\"4b7935f\" data-element_type=\"widget\" data-e-type=\"widget\" data-widget_type=\"image.default\">\n\t\t\t\t\t\t\t\t\t\t\t\t\t\t\t<img decoding=\"async\" src=\"https:\/\/vttcanetloisirs.fr\/wp-content\/uploads\/2024\/07\/resized-20180902-112852.jpg\" title=\"\" alt=\"\" loading=\"lazy\" \/>\t\t\t\t\t\t\t\t\t\t\t\t\t\t\t<\/div>\n\t\t\t\t\t<\/div>\n\t\t\t\t<\/div>\n\t\t<div class=\"elementor-element elementor-element-51c9045 e-flex e-con-boxed e-con e-parent\" data-id=\"51c9045\" data-element_type=\"container\" data-e-type=\"container\">\n\t\t\t\t\t<div class=\"e-con-inner\">\n\t\t\t\t<div class=\"elementor-element elementor-element-f0f1393 elementor-widget elementor-widget-text-editor\" data-id=\"f0f1393\" data-element_type=\"widget\" data-e-type=\"widget\" data-widget_type=\"text-editor.default\">\n\t\t\t\t\t\t\t\t\t<p>Suite Assembl\u00e9e G\u00e9n\u00e9rale extraordinaire du 19\/01\/2024,\u00a0 L&rsquo;association s&rsquo;appelle d\u00e9sormais <b>SALAGOU SPORTS LOISIRS<\/b><\/p>\t\t\t\t\t\t\t\t<\/div>\n\t\t\t\t<div class=\"elementor-element elementor-element-9525338 elementor-widget elementor-widget-text-editor\" data-id=\"9525338\" data-element_type=\"widget\" data-e-type=\"widget\" data-widget_type=\"text-editor.default\">\n\t\t\t\t\t\t\t\t\t<p>Si\u00e8ge social.\u00a0 \u00abSALAGOU SPORTS LOISIRS\u00bb : VTT CANETLOISIRS 34800 CANET<\/p>\t\t\t\t\t\t\t\t<\/div>\n\t\t\t\t<div class=\"elementor-element elementor-element-5eae514 elementor-widget elementor-widget-google_maps\" data-id=\"5eae514\" data-element_type=\"widget\" data-e-type=\"widget\" data-widget_type=\"google_maps.default\">\n\t\t\t\t\t\t\t<div class=\"elementor-custom-embed\">\n\t\t\t<iframe loading=\"lazy\"\n\t\t\t\t\tsrc=\"https:\/\/maps.google.com\/maps?q=Canet%2C%20Occitanie%2C%20France&#038;t=m&#038;z=11&#038;output=embed&#038;iwloc=near\"\n\t\t\t\t\ttitle=\"Canet, Occitanie, France\"\n\t\t\t\t\taria-label=\"Canet, Occitanie, France\"\n\t\t\t><\/iframe>\n\t\t<\/div>\n\t\t\t\t\t\t<\/div>\n\t\t\t\t\t<\/div>\n\t\t\t\t<\/div>\n\t\t<div class=\"elementor-element elementor-element-b87119f e-flex e-con-boxed e-con e-parent\" data-id=\"b87119f\" data-element_type=\"container\" data-e-type=\"container\">\n\t\t\t\t\t<div class=\"e-con-inner\">\n\t\t\t\t\t<\/div>\n\t\t\t\t<\/div>\n\t\t\t\t<\/div>\n\t\t","protected":false},"excerpt":{"rendered":"<p>Pr\u00e9sentation de l&rsquo;association L\u2019Association loi 1901\u00a0 \u00abEnduro R\u00e9gional\u00bb d\u00e9clar\u00e9e le\u00a0 08\/11\/2008\u00a0 \u00e0 la sous-pr\u00e9fecture de Lod\u00e8ve (H\u00e9rault), r\u00e9unie en assembl\u00e9e g\u00e9n\u00e9rale le 17 Novembre 2016 \u00e0 Canet, a d\u00e9cid\u00e9, la [&hellip;]<\/p>\n","protected":false},"author":1,"featured_media":0,"parent":0,"menu_order":0,"comment_status":"closed","ping_status":"closed","template":"templates\/custom-full-width.php","meta":{"footnotes":""},"class_list":["post-415","page","type-page","status-publish","hentry"],"yoast_head":"<!-- This site is optimized with the Yoast SEO plugin v26.8 - https:\/\/yoast.com\/product\/yoast-seo-wordpress\/ -->\n<title>Qui sommes nous ? - VTT CANET LOISIRS<\/title>\n<meta name=\"robots\" content=\"index, follow, max-snippet:-1, max-image-preview:large, max-video-preview:-1\" \/>\n<link rel=\"canonical\" href=\"https:\/\/vttcanetloisirs.fr\/index.php\/qui-sommes-nous\/\" \/>\n<meta property=\"og:locale\" content=\"fr_FR\" \/>\n<meta property=\"og:type\" content=\"article\" \/>\n<meta property=\"og:title\" content=\"Qui sommes nous ? - VTT CANET LOISIRS\" \/>\n<meta property=\"og:description\" content=\"Pr\u00e9sentation de l&rsquo;association L\u2019Association loi 1901\u00a0 \u00abEnduro R\u00e9gional\u00bb d\u00e9clar\u00e9e le\u00a0 08\/11\/2008\u00a0 \u00e0 la sous-pr\u00e9fecture de Lod\u00e8ve (H\u00e9rault), r\u00e9unie en assembl\u00e9e g\u00e9n\u00e9rale le 17 Novembre 2016 \u00e0 Canet, a d\u00e9cid\u00e9, la [&hellip;]\" \/>\n<meta property=\"og:url\" content=\"https:\/\/vttcanetloisirs.fr\/index.php\/qui-sommes-nous\/\" \/>\n<meta property=\"og:site_name\" content=\"VTT CANET LOISIRS\" \/>\n<meta property=\"article:modified_time\" content=\"2024-12-15T17:12:07+00:00\" \/>\n<meta property=\"og:image\" content=\"http:\/\/vttcanetloisirs.fr\/wp-content\/uploads\/2024\/07\/resized-20180902-112852.jpg\" \/>\n<meta name=\"twitter:card\" content=\"summary_large_image\" \/>\n<meta name=\"twitter:label1\" content=\"Dur\u00e9e de lecture estim\u00e9e\" \/>\n\t<meta name=\"twitter:data1\" content=\"1 minute\" \/>\n<script type=\"application\/ld+json\" class=\"yoast-schema-graph\">{\"@context\":\"https:\/\/schema.org\",\"@graph\":[{\"@type\":\"WebPage\",\"@id\":\"https:\/\/vttcanetloisirs.fr\/index.php\/qui-sommes-nous\/\",\"url\":\"https:\/\/vttcanetloisirs.fr\/index.php\/qui-sommes-nous\/\",\"name\":\"Qui sommes nous ? - VTT CANET LOISIRS\",\"isPartOf\":{\"@id\":\"https:\/\/vttcanetloisirs.fr\/#website\"},\"primaryImageOfPage\":{\"@id\":\"https:\/\/vttcanetloisirs.fr\/index.php\/qui-sommes-nous\/#primaryimage\"},\"image\":{\"@id\":\"https:\/\/vttcanetloisirs.fr\/index.php\/qui-sommes-nous\/#primaryimage\"},\"thumbnailUrl\":\"http:\/\/vttcanetloisirs.fr\/wp-content\/uploads\/2024\/07\/resized-20180902-112852.jpg\",\"datePublished\":\"2024-08-10T17:05:58+00:00\",\"dateModified\":\"2024-12-15T17:12:07+00:00\",\"breadcrumb\":{\"@id\":\"https:\/\/vttcanetloisirs.fr\/index.php\/qui-sommes-nous\/#breadcrumb\"},\"inLanguage\":\"fr-FR\",\"potentialAction\":[{\"@type\":\"ReadAction\",\"target\":[\"https:\/\/vttcanetloisirs.fr\/index.php\/qui-sommes-nous\/\"]}]},{\"@type\":\"ImageObject\",\"inLanguage\":\"fr-FR\",\"@id\":\"https:\/\/vttcanetloisirs.fr\/index.php\/qui-sommes-nous\/#primaryimage\",\"url\":\"http:\/\/vttcanetloisirs.fr\/wp-content\/uploads\/2024\/07\/resized-20180902-112852.jpg\",\"contentUrl\":\"http:\/\/vttcanetloisirs.fr\/wp-content\/uploads\/2024\/07\/resized-20180902-112852.jpg\"},{\"@type\":\"BreadcrumbList\",\"@id\":\"https:\/\/vttcanetloisirs.fr\/index.php\/qui-sommes-nous\/#breadcrumb\",\"itemListElement\":[{\"@type\":\"ListItem\",\"position\":1,\"name\":\"Accueil\",\"item\":\"https:\/\/vttcanetloisirs.fr\/\"},{\"@type\":\"ListItem\",\"position\":2,\"name\":\"Qui sommes nous ?\"}]},{\"@type\":\"WebSite\",\"@id\":\"https:\/\/vttcanetloisirs.fr\/#website\",\"url\":\"https:\/\/vttcanetloisirs.fr\/\",\"name\":\"VTT CANET LOISIRS\",\"description\":\"SALAGOU SPORTS LOISIRS\",\"publisher\":{\"@id\":\"https:\/\/vttcanetloisirs.fr\/#organization\"},\"potentialAction\":[{\"@type\":\"SearchAction\",\"target\":{\"@type\":\"EntryPoint\",\"urlTemplate\":\"https:\/\/vttcanetloisirs.fr\/?s={search_term_string}\"},\"query-input\":{\"@type\":\"PropertyValueSpecification\",\"valueRequired\":true,\"valueName\":\"search_term_string\"}}],\"inLanguage\":\"fr-FR\"},{\"@type\":\"Organization\",\"@id\":\"https:\/\/vttcanetloisirs.fr\/#organization\",\"name\":\"VTT CANET LOISIRS\",\"url\":\"https:\/\/vttcanetloisirs.fr\/\",\"logo\":{\"@type\":\"ImageObject\",\"inLanguage\":\"fr-FR\",\"@id\":\"https:\/\/vttcanetloisirs.fr\/#\/schema\/logo\/image\/\",\"url\":\"https:\/\/vttcanetloisirs.fr\/wp-content\/uploads\/2024\/08\/cropped-Logo_SSL-1.png\",\"contentUrl\":\"https:\/\/vttcanetloisirs.fr\/wp-content\/uploads\/2024\/08\/cropped-Logo_SSL-1.png\",\"width\":450,\"height\":450,\"caption\":\"VTT CANET LOISIRS\"},\"image\":{\"@id\":\"https:\/\/vttcanetloisirs.fr\/#\/schema\/logo\/image\/\"}}]}<\/script>\n<!-- \/ Yoast SEO plugin. -->","yoast_head_json":{"title":"Qui sommes nous ? - VTT CANET LOISIRS","robots":{"index":"index","follow":"follow","max-snippet":"max-snippet:-1","max-image-preview":"max-image-preview:large","max-video-preview":"max-video-preview:-1"},"canonical":"https:\/\/vttcanetloisirs.fr\/index.php\/qui-sommes-nous\/","og_locale":"fr_FR","og_type":"article","og_title":"Qui sommes nous ? - VTT CANET LOISIRS","og_description":"Pr\u00e9sentation de l&rsquo;association L\u2019Association loi 1901\u00a0 \u00abEnduro R\u00e9gional\u00bb d\u00e9clar\u00e9e le\u00a0 08\/11\/2008\u00a0 \u00e0 la sous-pr\u00e9fecture de Lod\u00e8ve (H\u00e9rault), r\u00e9unie en assembl\u00e9e g\u00e9n\u00e9rale le 17 Novembre 2016 \u00e0 Canet, a d\u00e9cid\u00e9, la [&hellip;]","og_url":"https:\/\/vttcanetloisirs.fr\/index.php\/qui-sommes-nous\/","og_site_name":"VTT CANET LOISIRS","article_modified_time":"2024-12-15T17:12:07+00:00","og_image":[{"url":"http:\/\/vttcanetloisirs.fr\/wp-content\/uploads\/2024\/07\/resized-20180902-112852.jpg","type":"","width":"","height":""}],"twitter_card":"summary_large_image","twitter_misc":{"Dur\u00e9e de lecture estim\u00e9e":"1 minute"},"schema":{"@context":"https:\/\/schema.org","@graph":[{"@type":"WebPage","@id":"https:\/\/vttcanetloisirs.fr\/index.php\/qui-sommes-nous\/","url":"https:\/\/vttcanetloisirs.fr\/index.php\/qui-sommes-nous\/","name":"Qui sommes nous ? - VTT CANET LOISIRS","isPartOf":{"@id":"https:\/\/vttcanetloisirs.fr\/#website"},"primaryImageOfPage":{"@id":"https:\/\/vttcanetloisirs.fr\/index.php\/qui-sommes-nous\/#primaryimage"},"image":{"@id":"https:\/\/vttcanetloisirs.fr\/index.php\/qui-sommes-nous\/#primaryimage"},"thumbnailUrl":"http:\/\/vttcanetloisirs.fr\/wp-content\/uploads\/2024\/07\/resized-20180902-112852.jpg","datePublished":"2024-08-10T17:05:58+00:00","dateModified":"2024-12-15T17:12:07+00:00","breadcrumb":{"@id":"https:\/\/vttcanetloisirs.fr\/index.php\/qui-sommes-nous\/#breadcrumb"},"inLanguage":"fr-FR","potentialAction":[{"@type":"ReadAction","target":["https:\/\/vttcanetloisirs.fr\/index.php\/qui-sommes-nous\/"]}]},{"@type":"ImageObject","inLanguage":"fr-FR","@id":"https:\/\/vttcanetloisirs.fr\/index.php\/qui-sommes-nous\/#primaryimage","url":"http:\/\/vttcanetloisirs.fr\/wp-content\/uploads\/2024\/07\/resized-20180902-112852.jpg","contentUrl":"http:\/\/vttcanetloisirs.fr\/wp-content\/uploads\/2024\/07\/resized-20180902-112852.jpg"},{"@type":"BreadcrumbList","@id":"https:\/\/vttcanetloisirs.fr\/index.php\/qui-sommes-nous\/#breadcrumb","itemListElement":[{"@type":"ListItem","position":1,"name":"Accueil","item":"https:\/\/vttcanetloisirs.fr\/"},{"@type":"ListItem","position":2,"name":"Qui sommes nous ?"}]},{"@type":"WebSite","@id":"https:\/\/vttcanetloisirs.fr\/#website","url":"https:\/\/vttcanetloisirs.fr\/","name":"VTT CANET LOISIRS","description":"SALAGOU SPORTS LOISIRS","publisher":{"@id":"https:\/\/vttcanetloisirs.fr\/#organization"},"potentialAction":[{"@type":"SearchAction","target":{"@type":"EntryPoint","urlTemplate":"https:\/\/vttcanetloisirs.fr\/?s={search_term_string}"},"query-input":{"@type":"PropertyValueSpecification","valueRequired":true,"valueName":"search_term_string"}}],"inLanguage":"fr-FR"},{"@type":"Organization","@id":"https:\/\/vttcanetloisirs.fr\/#organization","name":"VTT CANET LOISIRS","url":"https:\/\/vttcanetloisirs.fr\/","logo":{"@type":"ImageObject","inLanguage":"fr-FR","@id":"https:\/\/vttcanetloisirs.fr\/#\/schema\/logo\/image\/","url":"https:\/\/vttcanetloisirs.fr\/wp-content\/uploads\/2024\/08\/cropped-Logo_SSL-1.png","contentUrl":"https:\/\/vttcanetloisirs.fr\/wp-content\/uploads\/2024\/08\/cropped-Logo_SSL-1.png","width":450,"height":450,"caption":"VTT CANET LOISIRS"},"image":{"@id":"https:\/\/vttcanetloisirs.fr\/#\/schema\/logo\/image\/"}}]}},"_links":{"self":[{"href":"https:\/\/vttcanetloisirs.fr\/index.php\/wp-json\/wp\/v2\/pages\/415","targetHints":{"allow":["GET"]}}],"collection":[{"href":"https:\/\/vttcanetloisirs.fr\/index.php\/wp-json\/wp\/v2\/pages"}],"about":[{"href":"https:\/\/vttcanetloisirs.fr\/index.php\/wp-json\/wp\/v2\/types\/page"}],"author":[{"embeddable":true,"href":"https:\/\/vttcanetloisirs.fr\/index.php\/wp-json\/wp\/v2\/users\/1"}],"replies":[{"embeddable":true,"href":"https:\/\/vttcanetloisirs.fr\/index.php\/wp-json\/wp\/v2\/comments?post=415"}],"version-history":[{"count":67,"href":"https:\/\/vttcanetloisirs.fr\/index.php\/wp-json\/wp\/v2\/pages\/415\/revisions"}],"predecessor-version":[{"id":2546,"href":"https:\/\/vttcanetloisirs.fr\/index.php\/wp-json\/wp\/v2\/pages\/415\/revisions\/2546"}],"wp:attachment":[{"href":"https:\/\/vttcanetloisirs.fr\/index.php\/wp-json\/wp\/v2\/media?parent=415"}],"curies":[{"name":"wp","href":"https:\/\/api.w.org\/{rel}","templated":true}]}}